{"id":114,"date":"2019-01-07T19:01:01","date_gmt":"2019-01-07T18:01:01","guid":{"rendered":"http:\/\/lesjoyeuxcoureurs.org\/?page_id=114"},"modified":"2025-10-08T18:49:25","modified_gmt":"2025-10-08T16:49:25","slug":"accueil","status":"publish","type":"page","link":"https:\/\/lesjoyeuxcoureurs.org\/","title":{"rendered":"Toute l&rsquo;\u00e9quipe vous souhaite la bienvenue sur le site de l&rsquo;association \u00ab\u00a0Les Joyeux Coureurs\u00a0\u00bb\ufeff"},"content":{"rendered":"\n<p class=\"has-very-light-gray-color has-text-color\">.<\/p>\n\n\n\n<figure class=\"wp-block-image size-large\"><img loading=\"lazy\" decoding=\"async\" width=\"1024\" height=\"341\" src=\"https:\/\/lesjoyeuxcoureurs.org\/wp-content\/uploads\/2020\/08\/index-1024x341.jpg\" alt=\"\" class=\"wp-image-1348\" srcset=\"https:\/\/lesjoyeuxcoureurs.org\/wp-content\/uploads\/2020\/08\/index-1024x341.jpg 1024w, https:\/\/lesjoyeuxcoureurs.org\/wp-content\/uploads\/2020\/08\/index-300x100.jpg 300w, https:\/\/lesjoyeuxcoureurs.org\/wp-content\/uploads\/2020\/08\/index-768x256.jpg 768w, https:\/\/lesjoyeuxcoureurs.org\/wp-content\/uploads\/2020\/08\/index.jpg 1500w\" sizes=\"auto, (max-width: 1024px) 100vw, 1024px\" \/><\/figure>\n\n\n\n<p class=\"has-very-light-gray-color has-text-color\">.<img loading=\"lazy\" decoding=\"async\" width=\"1300\" height=\"702\" class=\"wp-image-1511\" style=\"width: 1300px;\" src=\"https:\/\/lesjoyeuxcoureurs.org\/wp-content\/uploads\/2025\/05\/Capture-decran-2025-05-03-045251.png\" alt=\"\" srcset=\"https:\/\/lesjoyeuxcoureurs.org\/wp-content\/uploads\/2025\/05\/Capture-decran-2025-05-03-045251.png 1476w, https:\/\/lesjoyeuxcoureurs.org\/wp-content\/uploads\/2025\/05\/Capture-decran-2025-05-03-045251-300x162.png 300w, https:\/\/lesjoyeuxcoureurs.org\/wp-content\/uploads\/2025\/05\/Capture-decran-2025-05-03-045251-1024x553.png 1024w, https:\/\/lesjoyeuxcoureurs.org\/wp-content\/uploads\/2025\/05\/Capture-decran-2025-05-03-045251-768x415.png 768w\" sizes=\"auto, (max-width: 1300px) 100vw, 1300px\" \/><\/p>\n\n\n\n<hr class=\"wp-block-separator has-css-opacity\"\/>\n\n\n\n<p class=\"has-very-light-gray-color has-text-color\"><\/p>\n\n\n\n<p class=\"has-text-align-center\">L\u2019objet de ce site internet est de pr\u00e9senter le projet <strong>in\u00e9dit<\/strong> de deux passionn\u00e9s automobiles qui participent, dans le cadre d\u2019une&nbsp; Association, \u00e0 des courses historiques en voiture ancienne avec une double approche :<\/p>\n\n\n\n<p class=\"has-text-align-left\">\u2022 D\u00e9fense du patrimoine automobile fran\u00e7ais avec la reconstruction d\u2019un mod\u00e8le dont la marque a disparu (Simca Rallye 2),\u200e<\/p>\n\n\n\n<p class=\"has-text-align-left\">\u2022 Compensation des rejets carbones avec le soutien financier \u00e0 des projets environnementaux, afin de rouler <strong>\u00ab carbone neutre \u00bb.<\/strong><\/p>\n\n\n\n<p class=\"has-white-color has-text-color has-link-color wp-elements-7e4ac651328708ea719ac0894fa30934\">.<\/p>\n\n\n\n<figure class=\"wp-block-image size-full is-resized\"><a href=\"https:\/\/lesjoyeuxcoureurs.org\/?p=1683\"><img loading=\"lazy\" decoding=\"async\" width=\"720\" height=\"153\" src=\"https:\/\/lesjoyeuxcoureurs.org\/wp-content\/uploads\/2025\/10\/corse-1536x328_cleanup-1.png\" alt=\"\" class=\"wp-image-1736\" style=\"width:840px;height:auto\" srcset=\"https:\/\/lesjoyeuxcoureurs.org\/wp-content\/uploads\/2025\/10\/corse-1536x328_cleanup-1.png 720w, https:\/\/lesjoyeuxcoureurs.org\/wp-content\/uploads\/2025\/10\/corse-1536x328_cleanup-1-300x64.png 300w\" sizes=\"auto, (max-width: 720px) 100vw, 720px\" \/><\/a><\/figure>\n\n\n\n<p><\/p>\n\n\n\n<figure class=\"wp-block-image\"><a href=\"https:\/\/lesjoyeuxcoureurs.org\/?page_id=502\"><img loading=\"lazy\" decoding=\"async\" width=\"1024\" height=\"239\" src=\"https:\/\/lesjoyeuxcoureurs.org\/wp-content\/uploads\/2019\/05\/index_ladouze-1024x239.jpg\" alt=\"\" class=\"wp-image-1175\" srcset=\"https:\/\/lesjoyeuxcoureurs.org\/wp-content\/uploads\/2019\/05\/index_ladouze-1024x239.jpg 1024w, https:\/\/lesjoyeuxcoureurs.org\/wp-content\/uploads\/2019\/05\/index_ladouze-300x70.jpg 300w, https:\/\/lesjoyeuxcoureurs.org\/wp-content\/uploads\/2019\/05\/index_ladouze-768x179.jpg 768w, https:\/\/lesjoyeuxcoureurs.org\/wp-content\/uploads\/2019\/05\/index_ladouze.jpg 1500w\" sizes=\"auto, (max-width: 1024px) 100vw, 1024px\" \/><\/a><\/figure>\n\n\n\n<p><\/p>\n\n\n\n<figure class=\"wp-block-image size-large\"><a href=\"https:\/\/lesjoyeuxcoureurs.org\/?page_id=1253\"><img loading=\"lazy\" decoding=\"async\" width=\"1024\" height=\"239\" src=\"https:\/\/lesjoyeuxcoureurs.org\/wp-content\/uploads\/2020\/08\/index_rennes-1024x239.jpg\" alt=\"\" class=\"wp-image-1305\" srcset=\"https:\/\/lesjoyeuxcoureurs.org\/wp-content\/uploads\/2020\/08\/index_rennes-1024x239.jpg 1024w, https:\/\/lesjoyeuxcoureurs.org\/wp-content\/uploads\/2020\/08\/index_rennes-300x70.jpg 300w, https:\/\/lesjoyeuxcoureurs.org\/wp-content\/uploads\/2020\/08\/index_rennes-768x179.jpg 768w, https:\/\/lesjoyeuxcoureurs.org\/wp-content\/uploads\/2020\/08\/index_rennes.jpg 1500w\" sizes=\"auto, (max-width: 1024px) 100vw, 1024px\" \/><\/a><\/figure>\n\n\n\n<p class=\"has-very-light-gray-color has-text-color\">.<\/p>\n\n\n\n<hr class=\"wp-block-separator has-css-opacity\"\/>\n\n\n\n<p class=\"has-very-light-gray-color has-text-color\">.<\/p>\n\n\n\n<p class=\"has-text-align-center has-medium-font-size\">D\u00e9couvrir les petites vid\u00e9os des courses pr\u00e9c\u00e9dentes<\/p>\n\n\n\n<p class=\"has-very-light-gray-color has-text-color\">.<\/p>\n\n\n\n<div class=\"wp-block-columns has-2-columns is-layout-flex wp-container-core-columns-is-layout-1 wp-block-columns-is-layout-flex\">\n<div class=\"wp-block-column is-layout-flow wp-block-column-is-layout-flow\">\n<figure class=\"wp-block-video aligncenter\"><video controls src=\"https:\/\/lesjoyeuxcoureurs.org\/wp-content\/uploads\/2019\/05\/Automoto-du-12-mai-2019_TF1_2019_05_12_10_21.mp4\"><\/video><figcaption class=\"wp-element-caption\"><a href=\"https:\/\/lesjoyeuxcoureurs.org\/?p=1128\">Passage dans Auto Moto<\/a><\/figcaption><\/figure>\n<\/div>\n\n\n\n<div class=\"wp-block-column is-layout-flow wp-block-column-is-layout-flow\">\n<figure class=\"wp-block-video aligncenter\"><video controls src=\"https:\/\/lesjoyeuxcoureurs.org\/wp-content\/uploads\/2020\/09\/IMG_1461.mp4\"><\/video><figcaption class=\"wp-element-caption\"><a href=\"https:\/\/lesjoyeuxcoureurs.org\/?p=1439\">Tour Auto 2020<\/a><\/figcaption><\/figure>\n<\/div>\n<\/div>\n\n\n\n<hr class=\"wp-block-separator has-css-opacity\"\/>\n\n\n\n<p class=\"has-very-light-gray-color has-text-color\">.<\/p>\n\n\n\n<div class=\"wp-block-columns has-2-columns is-layout-flex wp-container-core-columns-is-layout-2 wp-block-columns-is-layout-flex\">\n<div class=\"wp-block-column is-layout-flow wp-block-column-is-layout-flow\">\n<h4 class=\"wp-block-heading\"><strong>Derni\u00e8res news<\/strong><\/h4>\n\n\n\n<ul class=\"wp-block-list\">\n<li><a href=\"https:\/\/lesjoyeuxcoureurs.org\/?p=1739\">Informations sur la course avant le d\u00e9part<\/a><\/li>\n\n\n\n<li><a href=\"https:\/\/lesjoyeuxcoureurs.org\/?p=1580\">D\u00e9tails du projet 2025<\/a><\/li>\n\n\n\n<li><a href=\"https:\/\/lesjoyeuxcoureurs.org\/?p=1520\">La Rallye 2 inscrite au Tour de Corse<\/a><\/li>\n<\/ul>\n\n\n\n<p><\/p>\n<\/div>\n\n\n\n<div class=\"wp-block-column is-layout-flow wp-block-column-is-layout-flow\">\n<h4 class=\"wp-block-heading\"><strong>Projets environnementaux<\/strong><\/h4>\n\n\n\n<ul class=\"wp-block-list\">\n<li><a href=\"https:\/\/lesjoyeuxcoureurs.org\/?p=1691\">Plong\u00e9e annuelle d\u2019octobre 2025<\/a><\/li>\n\n\n\n<li><a href=\"https:\/\/lesjoyeuxcoureurs.org\/?p=1683\">[Vid\u00e9o] Replantation de posidonies en Corse<\/a><\/li>\n\n\n\n<li><a href=\"https:\/\/lesjoyeuxcoureurs.org\/?page_id=1605\">Projet environnemental 2025<\/a><\/li>\n<\/ul>\n<\/div>\n<\/div>\n\n\n\n<p class=\"has-text-color\" style=\"color:#ffffff\">.<\/p>\n\n\n\n<p><\/p>\n","protected":false},"excerpt":{"rendered":"<p>. . L\u2019objet de ce site internet est de pr\u00e9senter le projet in\u00e9dit de deux passionn\u00e9s automobiles qui participent, dans le cadre d\u2019une&nbsp; Association, \u00e0 des courses historiques en voiture ancienne avec une double approche : \u2022 D\u00e9fense du patrimoine automobile fran\u00e7ais avec la reconstruction d\u2019un mod\u00e8le dont la marque a disparu (Simca Rallye 2),\u200e&hellip;<\/p>\n","protected":false},"author":1,"featured_media":0,"parent":0,"menu_order":0,"comment_status":"closed","ping_status":"closed","template":"","meta":{"footnotes":""},"class_list":["post-114","page","type-page","status-publish","hentry"],"_links":{"self":[{"href":"https:\/\/lesjoyeuxcoureurs.org\/index.php?rest_route=\/wp\/v2\/pages\/114","targetHints":{"allow":["GET"]}}],"collection":[{"href":"https:\/\/lesjoyeuxcoureurs.org\/index.php?rest_route=\/wp\/v2\/pages"}],"about":[{"href":"https:\/\/lesjoyeuxcoureurs.org\/index.php?rest_route=\/wp\/v2\/types\/page"}],"author":[{"embeddable":true,"href":"https:\/\/lesjoyeuxcoureurs.org\/index.php?rest_route=\/wp\/v2\/users\/1"}],"replies":[{"embeddable":true,"href":"https:\/\/lesjoyeuxcoureurs.org\/index.php?rest_route=%2Fwp%2Fv2%2Fcomments&post=114"}],"version-history":[{"count":112,"href":"https:\/\/lesjoyeuxcoureurs.org\/index.php?rest_route=\/wp\/v2\/pages\/114\/revisions"}],"predecessor-version":[{"id":1746,"href":"https:\/\/lesjoyeuxcoureurs.org\/index.php?rest_route=\/wp\/v2\/pages\/114\/revisions\/1746"}],"wp:attachment":[{"href":"https:\/\/lesjoyeuxcoureurs.org\/index.php?rest_route=%2Fwp%2Fv2%2Fmedia&parent=114"}],"curies":[{"name":"wp","href":"https:\/\/api.w.org\/{rel}","templated":true}]}}