{"id":1208,"date":"2020-06-23T09:48:51","date_gmt":"2020-06-23T07:48:51","guid":{"rendered":"https:\/\/lesjoyeuxcoureurs.org\/?page_id=1208"},"modified":"2020-06-23T09:52:15","modified_gmt":"2020-06-23T07:52:15","slug":"1208-2","status":"publish","type":"page","link":"https:\/\/lesjoyeuxcoureurs.org\/?page_id=1208","title":{"rendered":"Motul"},"content":{"rendered":"\n<p class=\"has-text-color has-very-light-gray-color\">.<\/p>\n\n\n\n<div class=\"wp-block-image\"><figure class=\"aligncenter size-medium\"><img loading=\"lazy\" decoding=\"async\" width=\"300\" height=\"244\" src=\"https:\/\/lesjoyeuxcoureurs.org\/wp-content\/uploads\/2020\/06\/motul-300x244.png\" alt=\"\" class=\"wp-image-1209\" srcset=\"https:\/\/lesjoyeuxcoureurs.org\/wp-content\/uploads\/2020\/06\/motul-300x244.png 300w, https:\/\/lesjoyeuxcoureurs.org\/wp-content\/uploads\/2020\/06\/motul-1024x834.png 1024w, https:\/\/lesjoyeuxcoureurs.org\/wp-content\/uploads\/2020\/06\/motul-768x625.png 768w, https:\/\/lesjoyeuxcoureurs.org\/wp-content\/uploads\/2020\/06\/motul.png 1383w\" sizes=\"auto, (max-width: 300px) 100vw, 300px\" \/><\/figure><\/div>\n\n\n\n<p class=\"has-text-color has-very-light-gray-color\">.<\/p>\n\n\n\n<p class=\"has-text-align-center\">Fort d\u2019une histoire de 160 ans, Motul a vu le jour avec la r\u00e9volution industrielle et n\u2019a cess\u00e9 depuis, d\u2019innover dans de nombreux secteurs de l\u2019industrie. Sp\u00e9cialiste unanimement reconnu pour son savoir-faire dans le secteur des lubrifiants, Motul est impliqu\u00e9 au plus haut niveau de la comp\u00e9tition en partenariat avec de nombreux constructeurs auto et moto. Plus de 50 titres de Champion du Monde couronnent cette passion et cet engagement.<\/p>\n\n\n\n<p class=\"has-text-color has-very-light-gray-color\">.<\/p>\n\n\n\n<p class=\"has-text-align-center\">Site internet : <a href=\"https:\/\/www.motul.com\/fr\/fr\">https:\/\/www.motul.com\/fr\/fr<\/a> et <a href=\"https:\/\/www.motulclassic.com\/\">https:\/\/www.motulclassic.com\/<\/a><\/p>\n\n\n\n<p><\/p>\n","protected":false},"excerpt":{"rendered":"<p>. . Fort d\u2019une histoire de 160 ans, Motul a vu le jour avec la r\u00e9volution industrielle et n\u2019a cess\u00e9 depuis, d\u2019innover dans de nombreux secteurs de l\u2019industrie. Sp\u00e9cialiste unanimement reconnu pour son savoir-faire dans le secteur des lubrifiants, Motul est impliqu\u00e9 au plus haut niveau de la comp\u00e9tition en partenariat avec de nombreux constructeurs&hellip;<\/p>\n","protected":false},"author":1,"featured_media":0,"parent":0,"menu_order":0,"comment_status":"closed","ping_status":"closed","template":"","meta":{"footnotes":""},"class_list":["post-1208","page","type-page","status-publish","hentry"],"_links":{"self":[{"href":"https:\/\/lesjoyeuxcoureurs.org\/index.php?rest_route=\/wp\/v2\/pages\/1208","targetHints":{"allow":["GET"]}}],"collection":[{"href":"https:\/\/lesjoyeuxcoureurs.org\/index.php?rest_route=\/wp\/v2\/pages"}],"about":[{"href":"https:\/\/lesjoyeuxcoureurs.org\/index.php?rest_route=\/wp\/v2\/types\/page"}],"author":[{"embeddable":true,"href":"https:\/\/lesjoyeuxcoureurs.org\/index.php?rest_route=\/wp\/v2\/users\/1"}],"replies":[{"embeddable":true,"href":"https:\/\/lesjoyeuxcoureurs.org\/index.php?rest_route=%2Fwp%2Fv2%2Fcomments&post=1208"}],"version-history":[{"count":4,"href":"https:\/\/lesjoyeuxcoureurs.org\/index.php?rest_route=\/wp\/v2\/pages\/1208\/revisions"}],"predecessor-version":[{"id":1214,"href":"https:\/\/lesjoyeuxcoureurs.org\/index.php?rest_route=\/wp\/v2\/pages\/1208\/revisions\/1214"}],"wp:attachment":[{"href":"https:\/\/lesjoyeuxcoureurs.org\/index.php?rest_route=%2Fwp%2Fv2%2Fmedia&parent=1208"}],"curies":[{"name":"wp","href":"https:\/\/api.w.org\/{rel}","templated":true}]}}