{"id":1215,"date":"2020-06-23T09:53:51","date_gmt":"2020-06-23T07:53:51","guid":{"rendered":"https:\/\/lesjoyeuxcoureurs.org\/?page_id=1215"},"modified":"2020-06-23T09:54:51","modified_gmt":"2020-06-23T07:54:51","slug":"swisstrax","status":"publish","type":"page","link":"https:\/\/lesjoyeuxcoureurs.org\/?page_id=1215","title":{"rendered":"Swisstrax"},"content":{"rendered":"\n<p class=\"has-text-color has-very-light-gray-color\">.<\/p>\n\n\n\n<div class=\"wp-block-image\"><figure class=\"aligncenter size-medium\"><img loading=\"lazy\" decoding=\"async\" width=\"300\" height=\"152\" src=\"https:\/\/lesjoyeuxcoureurs.org\/wp-content\/uploads\/2020\/06\/swisstrax-300x152.png\" alt=\"\" class=\"wp-image-1216\" srcset=\"https:\/\/lesjoyeuxcoureurs.org\/wp-content\/uploads\/2020\/06\/swisstrax-300x152.png 300w, https:\/\/lesjoyeuxcoureurs.org\/wp-content\/uploads\/2020\/06\/swisstrax-1024x519.png 1024w, https:\/\/lesjoyeuxcoureurs.org\/wp-content\/uploads\/2020\/06\/swisstrax-768x389.png 768w, https:\/\/lesjoyeuxcoureurs.org\/wp-content\/uploads\/2020\/06\/swisstrax.png 1384w\" sizes=\"auto, (max-width: 300px) 100vw, 300px\" \/><\/figure><\/div>\n\n\n\n<p class=\"has-text-color has-very-light-gray-color\">.<\/p>\n\n\n\n<p class=\"has-text-align-center\">SWISSTRAX Europe est une soci\u00e9t\u00e9 100% Fran\u00e7aise qui fabrique et distribue au niveau Europ\u00e9en des dalles de sol clipsables pour garage mais aussi pour le secteur \u00e9v\u00e8nementiel. Une exp\u00e9rience de 18 ans, une marque pr\u00e9sente dans plus de 50 pays, des produits fabriqu\u00e9s en France et 100% recyclables.<\/p>\n\n\n\n<p class=\"has-text-color has-very-light-gray-color\">.<\/p>\n\n\n\n<p class=\"has-text-align-center\">Site internet&nbsp;:&nbsp;<a rel=\"noreferrer noopener\" href=\"https:\/\/decogarage.fr\/\" target=\"_blank\">https:\/\/decogarage.fr\/<\/a><\/p>\n","protected":false},"excerpt":{"rendered":"<p>. . SWISSTRAX Europe est une soci\u00e9t\u00e9 100% Fran\u00e7aise qui fabrique et distribue au niveau Europ\u00e9en des dalles de sol clipsables pour garage mais aussi pour le secteur \u00e9v\u00e8nementiel. Une exp\u00e9rience de 18 ans, une marque pr\u00e9sente dans plus de 50 pays, des produits fabriqu\u00e9s en France et 100% recyclables. . Site internet&nbsp;:&nbsp;https:\/\/decogarage.fr\/<\/p>\n","protected":false},"author":1,"featured_media":0,"parent":0,"menu_order":0,"comment_status":"closed","ping_status":"closed","template":"","meta":{"footnotes":""},"class_list":["post-1215","page","type-page","status-publish","hentry"],"_links":{"self":[{"href":"https:\/\/lesjoyeuxcoureurs.org\/index.php?rest_route=\/wp\/v2\/pages\/1215","targetHints":{"allow":["GET"]}}],"collection":[{"href":"https:\/\/lesjoyeuxcoureurs.org\/index.php?rest_route=\/wp\/v2\/pages"}],"about":[{"href":"https:\/\/lesjoyeuxcoureurs.org\/index.php?rest_route=\/wp\/v2\/types\/page"}],"author":[{"embeddable":true,"href":"https:\/\/lesjoyeuxcoureurs.org\/index.php?rest_route=\/wp\/v2\/users\/1"}],"replies":[{"embeddable":true,"href":"https:\/\/lesjoyeuxcoureurs.org\/index.php?rest_route=%2Fwp%2Fv2%2Fcomments&post=1215"}],"version-history":[{"count":3,"href":"https:\/\/lesjoyeuxcoureurs.org\/index.php?rest_route=\/wp\/v2\/pages\/1215\/revisions"}],"predecessor-version":[{"id":1220,"href":"https:\/\/lesjoyeuxcoureurs.org\/index.php?rest_route=\/wp\/v2\/pages\/1215\/revisions\/1220"}],"wp:attachment":[{"href":"https:\/\/lesjoyeuxcoureurs.org\/index.php?rest_route=%2Fwp%2Fv2%2Fmedia&parent=1215"}],"curies":[{"name":"wp","href":"https:\/\/api.w.org\/{rel}","templated":true}]}}