{"id":1253,"date":"2020-07-25T19:03:27","date_gmt":"2020-07-25T17:03:27","guid":{"rendered":"https:\/\/lesjoyeuxcoureurs.org\/?page_id=1253"},"modified":"2020-07-25T19:05:17","modified_gmt":"2020-07-25T17:05:17","slug":"reforestation-bretagne","status":"publish","type":"page","link":"https:\/\/lesjoyeuxcoureurs.org\/?page_id=1253","title":{"rendered":"Reforestation \u2013 Bretagne"},"content":{"rendered":"\n<p class=\"has-text-color has-very-light-gray-color\">.<\/p>\n\n\n\n<p class=\"has-text-align-center\">Des travaux de plantations en Bretagne dans la grande for\u00eat de Rennes, sont effectu\u00e9s de mani\u00e8re \u00e0 corriger les d\u00e9ficits de repousse naturelle notamment dus \u00e0 l\u2019existence d\u2019une gramin\u00e9e, la molinie, qui a \u00e9touff\u00e9 les semis naturels.<\/p>\n\n\n\n<p class=\"has-text-color has-very-light-gray-color\">.<\/p>\n\n\n\n<div class=\"wp-block-image\"><figure class=\"aligncenter size-large is-resized\"><img loading=\"lazy\" decoding=\"async\" src=\"https:\/\/lesjoyeuxcoureurs.org\/wp-content\/uploads\/2020\/07\/reforestation_bretagne.jpg\" alt=\"\" class=\"wp-image-1254\" width=\"465\" height=\"399\" srcset=\"https:\/\/lesjoyeuxcoureurs.org\/wp-content\/uploads\/2020\/07\/reforestation_bretagne.jpg 769w, https:\/\/lesjoyeuxcoureurs.org\/wp-content\/uploads\/2020\/07\/reforestation_bretagne-300x257.jpg 300w\" sizes=\"auto, (max-width: 465px) 100vw, 465px\" \/><\/figure><\/div>\n\n\n\n<p class=\"has-text-color has-very-light-gray-color\">..<\/p>\n","protected":false},"excerpt":{"rendered":"<p>. Des travaux de plantations en Bretagne dans la grande for\u00eat de Rennes, sont effectu\u00e9s de mani\u00e8re \u00e0 corriger les d\u00e9ficits de repousse naturelle notamment dus \u00e0 l\u2019existence d\u2019une gramin\u00e9e, la molinie, qui a \u00e9touff\u00e9 les semis naturels. . ..<\/p>\n","protected":false},"author":1,"featured_media":0,"parent":0,"menu_order":0,"comment_status":"closed","ping_status":"closed","template":"","meta":{"footnotes":""},"class_list":["post-1253","page","type-page","status-publish","hentry"],"_links":{"self":[{"href":"https:\/\/lesjoyeuxcoureurs.org\/index.php?rest_route=\/wp\/v2\/pages\/1253","targetHints":{"allow":["GET"]}}],"collection":[{"href":"https:\/\/lesjoyeuxcoureurs.org\/index.php?rest_route=\/wp\/v2\/pages"}],"about":[{"href":"https:\/\/lesjoyeuxcoureurs.org\/index.php?rest_route=\/wp\/v2\/types\/page"}],"author":[{"embeddable":true,"href":"https:\/\/lesjoyeuxcoureurs.org\/index.php?rest_route=\/wp\/v2\/users\/1"}],"replies":[{"embeddable":true,"href":"https:\/\/lesjoyeuxcoureurs.org\/index.php?rest_route=%2Fwp%2Fv2%2Fcomments&post=1253"}],"version-history":[{"count":4,"href":"https:\/\/lesjoyeuxcoureurs.org\/index.php?rest_route=\/wp\/v2\/pages\/1253\/revisions"}],"predecessor-version":[{"id":1259,"href":"https:\/\/lesjoyeuxcoureurs.org\/index.php?rest_route=\/wp\/v2\/pages\/1253\/revisions\/1259"}],"wp:attachment":[{"href":"https:\/\/lesjoyeuxcoureurs.org\/index.php?rest_route=%2Fwp%2Fv2%2Fmedia&parent=1253"}],"curies":[{"name":"wp","href":"https:\/\/api.w.org\/{rel}","templated":true}]}}