{"id":1260,"date":"2020-07-25T19:06:19","date_gmt":"2020-07-25T17:06:19","guid":{"rendered":"https:\/\/lesjoyeuxcoureurs.org\/?page_id=1260"},"modified":"2020-07-25T19:46:12","modified_gmt":"2020-07-25T17:46:12","slug":"hydroelectrique-bresil","status":"publish","type":"page","link":"https:\/\/lesjoyeuxcoureurs.org\/?page_id=1260","title":{"rendered":"Hydro\u00e9lectrique &#8211; Br\u00e9sil"},"content":{"rendered":"\n<p class=\"has-text-color has-very-light-gray-color\">.<\/p>\n\n\n\n<p class=\"has-text-align-center\">Le financement de l\u2019installation d\u2019une centrale hydro\u00e9lectrique dans l\u2019Etat de Bahia sur une r\u00e9serve d\u2019eau existante. Le Br\u00e9sil a besoin d\u2019\u00e9lectricit\u00e9 qu\u2019il produit en majorit\u00e9 \u00e0 partir de centrales thermiques au p\u00e9trole. Ce projet \u00e9vite pr\u00e8s de 60 000 tonnes de CO2 par an tout en ayant un aspect social \u00e0 travers la cr\u00e9ation d\u2019emplois.<\/p>\n\n\n\n<p class=\"has-text-align-center\"><strong>Ce projet a \u00e9t\u00e9 choisi et labellis\u00e9 par l&rsquo;ONU<\/strong>.<\/p>\n\n\n\n<p class=\"has-text-color has-very-light-gray-color\">.<\/p>\n\n\n\n<div class=\"wp-block-image\"><figure class=\"aligncenter size-large is-resized\"><img loading=\"lazy\" decoding=\"async\" src=\"https:\/\/lesjoyeuxcoureurs.org\/wp-content\/uploads\/2020\/07\/hydroelecctrique_bresil.jpg\" alt=\"\" class=\"wp-image-1261\" width=\"495\" height=\"371\" srcset=\"https:\/\/lesjoyeuxcoureurs.org\/wp-content\/uploads\/2020\/07\/hydroelecctrique_bresil.jpg 564w, https:\/\/lesjoyeuxcoureurs.org\/wp-content\/uploads\/2020\/07\/hydroelecctrique_bresil-300x225.jpg 300w, https:\/\/lesjoyeuxcoureurs.org\/wp-content\/uploads\/2020\/07\/hydroelecctrique_bresil-120x90.jpg 120w\" sizes=\"auto, (max-width: 495px) 100vw, 495px\" \/><\/figure><\/div>\n\n\n\n<p class=\"has-text-color has-very-light-gray-color\">..<\/p>\n","protected":false},"excerpt":{"rendered":"<p>. Le financement de l\u2019installation d\u2019une centrale hydro\u00e9lectrique dans l\u2019Etat de Bahia sur une r\u00e9serve d\u2019eau existante. Le Br\u00e9sil a besoin d\u2019\u00e9lectricit\u00e9 qu\u2019il produit en majorit\u00e9 \u00e0 partir de centrales thermiques au p\u00e9trole. Ce projet \u00e9vite pr\u00e8s de 60 000 tonnes de CO2 par an tout en ayant un aspect social \u00e0 travers la cr\u00e9ation&hellip;<\/p>\n","protected":false},"author":1,"featured_media":0,"parent":0,"menu_order":0,"comment_status":"closed","ping_status":"closed","template":"","meta":{"footnotes":""},"class_list":["post-1260","page","type-page","status-publish","hentry"],"_links":{"self":[{"href":"https:\/\/lesjoyeuxcoureurs.org\/index.php?rest_route=\/wp\/v2\/pages\/1260","targetHints":{"allow":["GET"]}}],"collection":[{"href":"https:\/\/lesjoyeuxcoureurs.org\/index.php?rest_route=\/wp\/v2\/pages"}],"about":[{"href":"https:\/\/lesjoyeuxcoureurs.org\/index.php?rest_route=\/wp\/v2\/types\/page"}],"author":[{"embeddable":true,"href":"https:\/\/lesjoyeuxcoureurs.org\/index.php?rest_route=\/wp\/v2\/users\/1"}],"replies":[{"embeddable":true,"href":"https:\/\/lesjoyeuxcoureurs.org\/index.php?rest_route=%2Fwp%2Fv2%2Fcomments&post=1260"}],"version-history":[{"count":2,"href":"https:\/\/lesjoyeuxcoureurs.org\/index.php?rest_route=\/wp\/v2\/pages\/1260\/revisions"}],"predecessor-version":[{"id":1281,"href":"https:\/\/lesjoyeuxcoureurs.org\/index.php?rest_route=\/wp\/v2\/pages\/1260\/revisions\/1281"}],"wp:attachment":[{"href":"https:\/\/lesjoyeuxcoureurs.org\/index.php?rest_route=%2Fwp%2Fv2%2Fmedia&parent=1260"}],"curies":[{"name":"wp","href":"https:\/\/api.w.org\/{rel}","templated":true}]}}