{"id":1312,"date":"2020-08-03T00:14:47","date_gmt":"2020-08-02T22:14:47","guid":{"rendered":"https:\/\/lesjoyeuxcoureurs.org\/?page_id=1312"},"modified":"2020-08-03T00:57:54","modified_gmt":"2020-08-02T22:57:54","slug":"etapes","status":"publish","type":"page","link":"https:\/\/lesjoyeuxcoureurs.org\/?page_id=1312","title":{"rendered":"Les \u00e9tapes du Tour Auto 2020"},"content":{"rendered":"\n<p class=\"has-text-color has-very-light-gray-color\">.<\/p>\n\n\n\n<p><strong><u>Dimanche 30 ao\u00fbt 2020<\/u><\/strong><br><strong>Grand Palais, Paris<\/strong>\u2022 Journ\u00e9e : d\u00e9p\u00f4t des 240 voitures anciennes s\u00e9lectionn\u00e9es pour le d\u00e9part<\/p>\n\n\n\n<p>\u2022 A partir de 19 h : cocktail payant g\u00e9r\u00e9 par l\u2019organisation, ambiance calme et festive au milieu des voitures *<\/p>\n\n\n\n<p class=\"has-text-color has-very-light-gray-color\">.<\/p>\n\n\n\n<p><strong><u>Lundi 31 ao\u00fbt 2020<\/u><\/strong><br><strong>Grand Palais, Paris<\/strong>\u2022 V\u00e9rification techniques et administratives<\/p>\n\n\n\n<p>\u2022 Ouverture au public de 10 h \u00e0 16 h (les repr\u00e9sentants des Sponsors des Joyeux Coureurs sont invit\u00e9s par l\u2019Association comme convenu) *<\/p>\n\n\n\n<p>\u2022 A partir de 19 h : cocktail payant g\u00e9r\u00e9 par l\u2019organisation et limit\u00e9 \u00e0 8 participants par \u00e9quipage *<\/p>\n\n\n\n<p class=\"has-text-color has-very-light-gray-color\">.<\/p>\n\n\n\n<p><strong><u>Mardi 1<sup>er<\/sup> septembre 2020<\/u> | \u00c9tape 1 (430 km)<\/strong><br><strong>Paris \u2013 Clermont-Ferrand<\/strong><br>\u2022 D\u00e9part de Paris 6 h puis depart officiel \u00e0 l\u2019Autodrome de Linas-Monthl\u00e9ry 7 h<br>\u2022 Une \u00e9preuve sp\u00e9ciale<br>\u2022 Circuit de Nevers Magny-Cours, 11:30 \u2013 17:30<br>\u2022 Arriv\u00e9e \u00e0 Clermont-Ferrand (Grande Halle d\u2019Auvergne) entre 16:30 \u2013 21:30<\/p>\n\n\n\n<p>\u2022 A partir de 19 h : cocktail payant g\u00e9r\u00e9 par l\u2019organisation dans le parc ferm\u00e9 des voitures *<\/p>\n\n\n\n<p class=\"has-text-color has-very-light-gray-color\">.<\/p>\n\n\n\n<p><strong><u>Mercredi 2 septembre 2020<\/u> | \u00c9tape 2 (380 km)<\/strong><br><strong>Clermont-Ferrand \u2013 Limoges<\/strong><br>\u2022 Circuit de Charade, 07:30 \u2013 13:00<br>\u2022 Deux \u00e9preuves sp\u00e9ciales<br>\u2022 Arriv\u00e9e \u00e0 Limoges (Parc des Expositions) entre 16:30 \u2013 21:30<\/p>\n\n\n\n<p>\u2022 A partir de 19 h : cocktail payant g\u00e9r\u00e9 par l\u2019organisation dans le parc ferm\u00e9 *<\/p>\n\n\n\n<p class=\"has-text-color has-very-light-gray-color\">.<\/p>\n\n\n\n<p><strong><u>Jeudi 3 septembre 2020<\/u> | \u00c9tape 3 (430 km)<\/strong><br><strong>Limoges \u2013 Toulouse<\/strong><br>\u2022 Trois \u00e9preuves sp\u00e9ciales<br>\u2022 Arriv\u00e9e \u00e0 Toulouse (Esplanade Georges Vallerey) entre 16:30 \u2013 21:30<\/p>\n\n\n\n<p>\u2022 A partir de 19 h : cocktail payant g\u00e9r\u00e9 par l\u2019organisation dans le parc ferm\u00e9 *<\/p>\n\n\n\n<p class=\"has-text-color has-very-light-gray-color\">.<\/p>\n\n\n\n<p><strong><u>Vendredi 4 septembre 2020<\/u> | \u00c9tape 4 (445 km)<\/strong><br><strong>Toulouse \u2013 Pont du Gard<\/strong><br>\u2022 Circuit de L\u00e9denon, 16:00 \u2013 21:30<br>\u2022 Deux \u00e9preuves sp\u00e9ciales<br>\u2022 Arriv\u00e9e au Pont du Gard (Parking Rive Gauche) entre 17:00 \u2013 22:00<\/p>\n\n\n\n<p>\u2022 A partir de 19 h : cocktail payant g\u00e9r\u00e9 par l\u2019organisation dans le parc ferm\u00e9 *<\/p>\n\n\n\n<p class=\"has-text-color has-very-light-gray-color\">.<\/p>\n\n\n\n<p><strong><u>Samedi 5 septembre 2020<\/u><\/strong><strong> | \u00c9tape 5 (330 km)<\/strong><br><strong>Pont du Gard \u2013 Circuit Paul Ricard<\/strong><br>\u2022 Une \u00e9preuve sp\u00e9ciale<br>\u2022 Circuit Paul Ricard, 12:30 \u2013 18:00<br>\u2022 Parc Ferm\u00e9 sur Circuit Paul Ricard entre 15:00 \u2013 20:00 puis bus vers Marseille.<\/p>\n\n\n\n<p>\u2022 A partir de 19 h : cocktail payant g\u00e9r\u00e9 par l\u2019organisation \u00e0 Marseille au au Palais du Pharo *<\/p>\n\n\n\n<p><strong>* : selon la situation sanitaire, l\u2019acc\u00e8s aux Parcs Ferm\u00e9s sera ouvert au public sur pr\u00e9sentation du programme Tour Auto Optic 2ooo \u00e9dit\u00e9 par Le Point (10 euros). Il sera \u00e9galement possible d\u2019acheter des acc\u00e8s au bar \u00e0 champagne pour les invit\u00e9s.<\/strong><\/p>\n\n\n\n<p class=\"has-text-color has-very-light-gray-color\">.<\/p>\n\n\n\n<div class=\"wp-block-image\"><figure class=\"aligncenter size-large is-resized\"><img loading=\"lazy\" decoding=\"async\" src=\"https:\/\/lesjoyeuxcoureurs.org\/wp-content\/uploads\/2020\/08\/etapes2020_1-1024x1022.png\" alt=\"\" class=\"wp-image-1350\" width=\"661\" height=\"659\" srcset=\"https:\/\/lesjoyeuxcoureurs.org\/wp-content\/uploads\/2020\/08\/etapes2020_1-1024x1022.png 1024w, https:\/\/lesjoyeuxcoureurs.org\/wp-content\/uploads\/2020\/08\/etapes2020_1-300x300.png 300w, https:\/\/lesjoyeuxcoureurs.org\/wp-content\/uploads\/2020\/08\/etapes2020_1-150x150.png 150w, https:\/\/lesjoyeuxcoureurs.org\/wp-content\/uploads\/2020\/08\/etapes2020_1-768x766.png 768w, https:\/\/lesjoyeuxcoureurs.org\/wp-content\/uploads\/2020\/08\/etapes2020_1.png 1422w\" sizes=\"auto, (max-width: 661px) 100vw, 661px\" \/><\/figure><\/div>\n\n\n\n<div class=\"wp-block-columns is-layout-flex wp-container-core-columns-is-layout-1 wp-block-columns-is-layout-flex\">\n<div class=\"wp-block-column is-layout-flow wp-block-column-is-layout-flow\">\n<figure class=\"wp-block-image size-large\"><img loading=\"lazy\" decoding=\"async\" width=\"708\" height=\"1024\" src=\"https:\/\/lesjoyeuxcoureurs.org\/wp-content\/uploads\/2020\/08\/etapes2020_2-708x1024.png\" alt=\"\" class=\"wp-image-1351\" srcset=\"https:\/\/lesjoyeuxcoureurs.org\/wp-content\/uploads\/2020\/08\/etapes2020_2-708x1024.png 708w, https:\/\/lesjoyeuxcoureurs.org\/wp-content\/uploads\/2020\/08\/etapes2020_2-207x300.png 207w, https:\/\/lesjoyeuxcoureurs.org\/wp-content\/uploads\/2020\/08\/etapes2020_2.png 752w\" sizes=\"auto, (max-width: 708px) 100vw, 708px\" \/><\/figure>\n\n\n\n<p class=\"has-text-color has-very-light-gray-color\">.<\/p>\n\n\n\n<p class=\"has-text-color has-very-light-gray-color\">.<\/p>\n\n\n\n<p class=\"has-text-color has-very-light-gray-color\">.<\/p>\n\n\n\n<figure class=\"wp-block-image size-large\"><img loading=\"lazy\" decoding=\"async\" width=\"521\" height=\"1024\" src=\"https:\/\/lesjoyeuxcoureurs.org\/wp-content\/uploads\/2020\/08\/etapes2020_4-521x1024.png\" alt=\"\" class=\"wp-image-1353\" srcset=\"https:\/\/lesjoyeuxcoureurs.org\/wp-content\/uploads\/2020\/08\/etapes2020_4-521x1024.png 521w, https:\/\/lesjoyeuxcoureurs.org\/wp-content\/uploads\/2020\/08\/etapes2020_4-153x300.png 153w, https:\/\/lesjoyeuxcoureurs.org\/wp-content\/uploads\/2020\/08\/etapes2020_4.png 676w\" sizes=\"auto, (max-width: 521px) 100vw, 521px\" \/><\/figure>\n<\/div>\n\n\n\n<div class=\"wp-block-column is-layout-flow wp-block-column-is-layout-flow\">\n<figure class=\"wp-block-image size-large\"><img loading=\"lazy\" decoding=\"async\" width=\"616\" height=\"1024\" src=\"https:\/\/lesjoyeuxcoureurs.org\/wp-content\/uploads\/2020\/08\/etapes2020_3-616x1024.png\" alt=\"\" class=\"wp-image-1352\" srcset=\"https:\/\/lesjoyeuxcoureurs.org\/wp-content\/uploads\/2020\/08\/etapes2020_3-616x1024.png 616w, https:\/\/lesjoyeuxcoureurs.org\/wp-content\/uploads\/2020\/08\/etapes2020_3-180x300.png 180w, https:\/\/lesjoyeuxcoureurs.org\/wp-content\/uploads\/2020\/08\/etapes2020_3.png 654w\" sizes=\"auto, (max-width: 616px) 100vw, 616px\" \/><\/figure>\n\n\n\n<figure class=\"wp-block-image size-large\"><img loading=\"lazy\" decoding=\"async\" width=\"585\" height=\"1024\" src=\"https:\/\/lesjoyeuxcoureurs.org\/wp-content\/uploads\/2020\/08\/etapes2020_5-585x1024.png\" alt=\"\" class=\"wp-image-1354\" srcset=\"https:\/\/lesjoyeuxcoureurs.org\/wp-content\/uploads\/2020\/08\/etapes2020_5-585x1024.png 585w, https:\/\/lesjoyeuxcoureurs.org\/wp-content\/uploads\/2020\/08\/etapes2020_5-171x300.png 171w, https:\/\/lesjoyeuxcoureurs.org\/wp-content\/uploads\/2020\/08\/etapes2020_5.png 595w\" sizes=\"auto, (max-width: 585px) 100vw, 585px\" \/><\/figure>\n<\/div>\n<\/div>\n\n\n\n<p class=\"has-text-color has-very-light-gray-color\">.<\/p>\n","protected":false},"excerpt":{"rendered":"<p>. Dimanche 30 ao\u00fbt 2020Grand Palais, Paris\u2022 Journ\u00e9e : d\u00e9p\u00f4t des 240 voitures anciennes s\u00e9lectionn\u00e9es pour le d\u00e9part \u2022 A partir de 19 h : cocktail payant g\u00e9r\u00e9 par l\u2019organisation, ambiance calme et festive au milieu des voitures * . Lundi 31 ao\u00fbt 2020Grand Palais, Paris\u2022 V\u00e9rification techniques et administratives \u2022 Ouverture au public de&hellip;<\/p>\n","protected":false},"author":1,"featured_media":0,"parent":0,"menu_order":0,"comment_status":"closed","ping_status":"closed","template":"","meta":{"footnotes":""},"class_list":["post-1312","page","type-page","status-publish","hentry"],"_links":{"self":[{"href":"https:\/\/lesjoyeuxcoureurs.org\/index.php?rest_route=\/wp\/v2\/pages\/1312","targetHints":{"allow":["GET"]}}],"collection":[{"href":"https:\/\/lesjoyeuxcoureurs.org\/index.php?rest_route=\/wp\/v2\/pages"}],"about":[{"href":"https:\/\/lesjoyeuxcoureurs.org\/index.php?rest_route=\/wp\/v2\/types\/page"}],"author":[{"embeddable":true,"href":"https:\/\/lesjoyeuxcoureurs.org\/index.php?rest_route=\/wp\/v2\/users\/1"}],"replies":[{"embeddable":true,"href":"https:\/\/lesjoyeuxcoureurs.org\/index.php?rest_route=%2Fwp%2Fv2%2Fcomments&post=1312"}],"version-history":[{"count":11,"href":"https:\/\/lesjoyeuxcoureurs.org\/index.php?rest_route=\/wp\/v2\/pages\/1312\/revisions"}],"predecessor-version":[{"id":1362,"href":"https:\/\/lesjoyeuxcoureurs.org\/index.php?rest_route=\/wp\/v2\/pages\/1312\/revisions\/1362"}],"wp:attachment":[{"href":"https:\/\/lesjoyeuxcoureurs.org\/index.php?rest_route=%2Fwp%2Fv2%2Fmedia&parent=1312"}],"curies":[{"name":"wp","href":"https:\/\/api.w.org\/{rel}","templated":true}]}}