{"id":1342,"date":"2020-08-03T00:41:18","date_gmt":"2020-08-02T22:41:18","guid":{"rendered":"https:\/\/lesjoyeuxcoureurs.org\/?page_id=1342"},"modified":"2020-08-03T00:43:01","modified_gmt":"2020-08-02T22:43:01","slug":"journal-de-la-course-2020","status":"publish","type":"page","link":"https:\/\/lesjoyeuxcoureurs.org\/?page_id=1342","title":{"rendered":"Journal de la course 2020"},"content":{"rendered":"\n<p class=\"has-text-color has-very-light-gray-color\">.<\/p>\n\n\n\n<div class=\"wp-block-image\"><figure class=\"aligncenter size-large\"><img loading=\"lazy\" decoding=\"async\" width=\"80\" height=\"90\" src=\"https:\/\/lesjoyeuxcoureurs.org\/wp-content\/uploads\/2019\/04\/drapeau_small.png\" alt=\"\" class=\"wp-image-920\"\/><\/figure><\/div>\n\n\n\n<p class=\"has-text-align-center\">C&rsquo;est pour bient\u00f4t ! <\/p>\n\n\n\n<p class=\"has-text-align-center\">N\u2019h\u00e9sitez pas \u00e0 venir nous rejoindre au Grand Palais le lundi 31 ao\u00fbt pour l\u2019ouverture au public de et tout au long de la course !<\/p>\n\n\n\n<p class=\"has-text-color has-very-light-gray-color\">.<\/p>\n","protected":false},"excerpt":{"rendered":"<p>. C&rsquo;est pour bient\u00f4t ! N\u2019h\u00e9sitez pas \u00e0 venir nous rejoindre au Grand Palais le lundi 31 ao\u00fbt pour l\u2019ouverture au public de et tout au long de la course ! .<\/p>\n","protected":false},"author":1,"featured_media":0,"parent":0,"menu_order":0,"comment_status":"closed","ping_status":"closed","template":"","meta":{"footnotes":""},"class_list":["post-1342","page","type-page","status-publish","hentry"],"_links":{"self":[{"href":"https:\/\/lesjoyeuxcoureurs.org\/index.php?rest_route=\/wp\/v2\/pages\/1342","targetHints":{"allow":["GET"]}}],"collection":[{"href":"https:\/\/lesjoyeuxcoureurs.org\/index.php?rest_route=\/wp\/v2\/pages"}],"about":[{"href":"https:\/\/lesjoyeuxcoureurs.org\/index.php?rest_route=\/wp\/v2\/types\/page"}],"author":[{"embeddable":true,"href":"https:\/\/lesjoyeuxcoureurs.org\/index.php?rest_route=\/wp\/v2\/users\/1"}],"replies":[{"embeddable":true,"href":"https:\/\/lesjoyeuxcoureurs.org\/index.php?rest_route=%2Fwp%2Fv2%2Fcomments&post=1342"}],"version-history":[{"count":2,"href":"https:\/\/lesjoyeuxcoureurs.org\/index.php?rest_route=\/wp\/v2\/pages\/1342\/revisions"}],"predecessor-version":[{"id":1345,"href":"https:\/\/lesjoyeuxcoureurs.org\/index.php?rest_route=\/wp\/v2\/pages\/1342\/revisions\/1345"}],"wp:attachment":[{"href":"https:\/\/lesjoyeuxcoureurs.org\/index.php?rest_route=%2Fwp%2Fv2%2Fmedia&parent=1342"}],"curies":[{"name":"wp","href":"https:\/\/api.w.org\/{rel}","templated":true}]}}