{"id":1551,"date":"2025-06-09T22:20:12","date_gmt":"2025-06-09T20:20:12","guid":{"rendered":"https:\/\/lesjoyeuxcoureurs.org\/?page_id=1551"},"modified":"2025-06-09T22:32:34","modified_gmt":"2025-06-09T20:32:34","slug":"syncor","status":"publish","type":"page","link":"https:\/\/lesjoyeuxcoureurs.org\/?page_id=1551","title":{"rendered":"Syncor"},"content":{"rendered":"\n<p class=\"has-white-color has-text-color has-link-color wp-elements-7e4ac651328708ea719ac0894fa30934\">.<\/p>\n\n\n<div class=\"wp-block-image\">\n<figure class=\"aligncenter size-full is-resized\"><img loading=\"lazy\" decoding=\"async\" width=\"192\" height=\"173\" src=\"https:\/\/lesjoyeuxcoureurs.org\/wp-content\/uploads\/2025\/06\/syncor.jpg\" alt=\"\" class=\"wp-image-1566\" style=\"width:197px;height:auto\"\/><\/figure><\/div>\n\n\n<p class=\"has-white-color has-text-color has-link-color wp-elements-7e4ac651328708ea719ac0894fa30934\">.<\/p>\n\n\n\n<p class=\"has-text-align-center\">Depuis pr\u00e8s de 25 ans, SYNCOR r\u00e9alise des missions de coordination SPS, de s\u00e9curit\u00e9 et de formation sur des sites complexes (a\u00e9roportuaires, industriels, p\u00e9troliers, BTP). <\/p>\n\n\n\n<p class=\"has-text-align-center\">Forte de plusieurs centaines d\u2019interventions, l\u2019\u00e9quipe a d\u00e9velopp\u00e9 une expertise adapt\u00e9e aux environnements \u00e0 risques (ATEX, SEVESO, coactivit\u00e9). Face \u00e0 l\u2019\u00e9volution des exigences en mati\u00e8re de s\u00e9curit\u00e9, SYNCOR s\u2019engage activement pour l\u2019am\u00e9lioration continue des conditions sur les chantiers, avec une coordination SPS de qualit\u00e9 au c\u0153ur de ses valeurs.<\/p>\n\n\n\n<p class=\"has-white-color has-text-color has-link-color wp-elements-7e4ac651328708ea719ac0894fa30934\">.<\/p>\n\n\n\n<p class=\"has-text-align-center\">Site internet : <a href=\"https:\/\/www.syncor.fr\/\" data-type=\"link\" data-id=\"https:\/\/www.syncor.fr\/\">https:\/\/www.syncor.fr\/<\/a><\/p>\n\n\n\n<p class=\"has-white-color has-text-color has-link-color wp-elements-7e4ac651328708ea719ac0894fa30934\">.<\/p>\n","protected":false},"excerpt":{"rendered":"<p>. . Depuis pr\u00e8s de 25 ans, SYNCOR r\u00e9alise des missions de coordination SPS, de s\u00e9curit\u00e9 et de formation sur des sites complexes (a\u00e9roportuaires, industriels, p\u00e9troliers, BTP). Forte de plusieurs centaines d\u2019interventions, l\u2019\u00e9quipe a d\u00e9velopp\u00e9 une expertise adapt\u00e9e aux environnements \u00e0 risques (ATEX, SEVESO, coactivit\u00e9). Face \u00e0 l\u2019\u00e9volution des exigences en mati\u00e8re de s\u00e9curit\u00e9, SYNCOR&hellip;<\/p>\n","protected":false},"author":1,"featured_media":0,"parent":0,"menu_order":0,"comment_status":"closed","ping_status":"closed","template":"","meta":{"footnotes":""},"class_list":["post-1551","page","type-page","status-publish","hentry"],"_links":{"self":[{"href":"https:\/\/lesjoyeuxcoureurs.org\/index.php?rest_route=\/wp\/v2\/pages\/1551","targetHints":{"allow":["GET"]}}],"collection":[{"href":"https:\/\/lesjoyeuxcoureurs.org\/index.php?rest_route=\/wp\/v2\/pages"}],"about":[{"href":"https:\/\/lesjoyeuxcoureurs.org\/index.php?rest_route=\/wp\/v2\/types\/page"}],"author":[{"embeddable":true,"href":"https:\/\/lesjoyeuxcoureurs.org\/index.php?rest_route=\/wp\/v2\/users\/1"}],"replies":[{"embeddable":true,"href":"https:\/\/lesjoyeuxcoureurs.org\/index.php?rest_route=%2Fwp%2Fv2%2Fcomments&post=1551"}],"version-history":[{"count":16,"href":"https:\/\/lesjoyeuxcoureurs.org\/index.php?rest_route=\/wp\/v2\/pages\/1551\/revisions"}],"predecessor-version":[{"id":1572,"href":"https:\/\/lesjoyeuxcoureurs.org\/index.php?rest_route=\/wp\/v2\/pages\/1551\/revisions\/1572"}],"wp:attachment":[{"href":"https:\/\/lesjoyeuxcoureurs.org\/index.php?rest_route=%2Fwp%2Fv2%2Fmedia&parent=1551"}],"curies":[{"name":"wp","href":"https:\/\/api.w.org\/{rel}","templated":true}]}}