{"id":1657,"date":"2025-09-30T17:23:45","date_gmt":"2025-09-30T15:23:45","guid":{"rendered":"https:\/\/lesjoyeuxcoureurs.org\/?page_id=1657"},"modified":"2025-09-30T17:26:27","modified_gmt":"2025-09-30T15:26:27","slug":"groupe-ferrandi","status":"publish","type":"page","link":"https:\/\/lesjoyeuxcoureurs.org\/?page_id=1657","title":{"rendered":"Groupe Ferrandi"},"content":{"rendered":"\n<p class=\"has-white-color has-text-color has-link-color wp-elements-7e4ac651328708ea719ac0894fa30934\">.<\/p>\n\n\n<div class=\"wp-block-image\">\n<figure class=\"aligncenter size-large is-resized\"><img loading=\"lazy\" decoding=\"async\" width=\"1024\" height=\"283\" src=\"https:\/\/lesjoyeuxcoureurs.org\/wp-content\/uploads\/2025\/09\/Logo_Groupe-Ferrandi-1024x283.png\" alt=\"\" class=\"wp-image-1658\" style=\"width:507px;height:auto\" srcset=\"https:\/\/lesjoyeuxcoureurs.org\/wp-content\/uploads\/2025\/09\/Logo_Groupe-Ferrandi-1024x283.png 1024w, https:\/\/lesjoyeuxcoureurs.org\/wp-content\/uploads\/2025\/09\/Logo_Groupe-Ferrandi-300x83.png 300w, https:\/\/lesjoyeuxcoureurs.org\/wp-content\/uploads\/2025\/09\/Logo_Groupe-Ferrandi-768x212.png 768w, https:\/\/lesjoyeuxcoureurs.org\/wp-content\/uploads\/2025\/09\/Logo_Groupe-Ferrandi-1536x424.png 1536w, https:\/\/lesjoyeuxcoureurs.org\/wp-content\/uploads\/2025\/09\/Logo_Groupe-Ferrandi.png 2044w\" sizes=\"auto, (max-width: 1024px) 100vw, 1024px\" \/><\/figure><\/div>\n\n\n<p class=\"has-white-color has-text-color has-link-color wp-elements-7e4ac651328708ea719ac0894fa30934\">.<\/p>\n\n\n\n<p class=\"has-text-align-center\">Le Groupe Ferrandi est un groupement de soci\u00e9t\u00e9s commerciales et industrielles sp\u00e9cialis\u00e9es dans diff\u00e9rents secteurs de l&rsquo;\u00e9nergie. Cherchant la performance dans l&rsquo;int\u00e9gration des diff\u00e9rentes \u00e9chelles de production, d&rsquo;achat, et de commercialisation de l&rsquo;\u00e9nergie, le Groupe Ferrandi d\u00e9ploie ses activit\u00e9s sur tout le territoire insulaire. Il met son expertise au service de sa client\u00e8le professionnelles et particuliers.<\/p>\n\n\n\n<p class=\"has-white-color has-text-color has-link-color wp-elements-7e4ac651328708ea719ac0894fa30934\">.<\/p>\n\n\n\n<p class=\"has-text-align-center\">Le Groupe Ferrandi s&rsquo;engage depuis plusieurs ann\u00e9es dans une d\u00e9marche de r\u00e9duction des \u00e9missions carbones en favorisant la notion de circuit court et s&rsquo;incluant dans diverses labelisations telles que la Charte CO2. Originellement sp\u00e9cialis\u00e9 dans le secteur p\u00e9trolier, le Groupe appuie sa transition \u00e9nerg\u00e9tique sur le d\u00e9veloppement des \u00e9nergies biomasse Made in Corsica et des services de maintenance climatique ; ce qui en fait, aujourd&rsquo;hui, l&rsquo;unique acteur producteur et gestionnaire d&rsquo;\u00e9nergie de l&rsquo;\u00eele.<\/p>\n\n\n\n<p class=\"has-white-color has-text-color has-link-color wp-elements-7e4ac651328708ea719ac0894fa30934\">.<\/p>\n\n\n\n<p class=\"has-text-align-center\">Site internet : <a href=\"https:\/\/www.groupe-ferrandi.fr\">https:\/\/www.groupe-ferrandi.fr<\/a><\/p>\n","protected":false},"excerpt":{"rendered":"<p>. . Le Groupe Ferrandi est un groupement de soci\u00e9t\u00e9s commerciales et industrielles sp\u00e9cialis\u00e9es dans diff\u00e9rents secteurs de l&rsquo;\u00e9nergie. Cherchant la performance dans l&rsquo;int\u00e9gration des diff\u00e9rentes \u00e9chelles de production, d&rsquo;achat, et de commercialisation de l&rsquo;\u00e9nergie, le Groupe Ferrandi d\u00e9ploie ses activit\u00e9s sur tout le territoire insulaire. Il met son expertise au service de sa client\u00e8le&hellip;<\/p>\n","protected":false},"author":1,"featured_media":0,"parent":0,"menu_order":0,"comment_status":"closed","ping_status":"closed","template":"","meta":{"footnotes":""},"class_list":["post-1657","page","type-page","status-publish","hentry"],"_links":{"self":[{"href":"https:\/\/lesjoyeuxcoureurs.org\/index.php?rest_route=\/wp\/v2\/pages\/1657","targetHints":{"allow":["GET"]}}],"collection":[{"href":"https:\/\/lesjoyeuxcoureurs.org\/index.php?rest_route=\/wp\/v2\/pages"}],"about":[{"href":"https:\/\/lesjoyeuxcoureurs.org\/index.php?rest_route=\/wp\/v2\/types\/page"}],"author":[{"embeddable":true,"href":"https:\/\/lesjoyeuxcoureurs.org\/index.php?rest_route=\/wp\/v2\/users\/1"}],"replies":[{"embeddable":true,"href":"https:\/\/lesjoyeuxcoureurs.org\/index.php?rest_route=%2Fwp%2Fv2%2Fcomments&post=1657"}],"version-history":[{"count":6,"href":"https:\/\/lesjoyeuxcoureurs.org\/index.php?rest_route=\/wp\/v2\/pages\/1657\/revisions"}],"predecessor-version":[{"id":1666,"href":"https:\/\/lesjoyeuxcoureurs.org\/index.php?rest_route=\/wp\/v2\/pages\/1657\/revisions\/1666"}],"wp:attachment":[{"href":"https:\/\/lesjoyeuxcoureurs.org\/index.php?rest_route=%2Fwp%2Fv2%2Fmedia&parent=1657"}],"curies":[{"name":"wp","href":"https:\/\/api.w.org\/{rel}","templated":true}]}}