{"id":1705,"date":"2025-10-05T13:43:48","date_gmt":"2025-10-05T11:43:48","guid":{"rendered":"https:\/\/lesjoyeuxcoureurs.org\/?page_id=1705"},"modified":"2025-10-05T13:46:20","modified_gmt":"2025-10-05T11:46:20","slug":"elf","status":"publish","type":"page","link":"https:\/\/lesjoyeuxcoureurs.org\/?page_id=1705","title":{"rendered":"Elf"},"content":{"rendered":"\n<p class=\"has-white-color has-text-color has-link-color wp-elements-7e4ac651328708ea719ac0894fa30934\">.<\/p>\n\n\n<div class=\"wp-block-image\">\n<figure class=\"aligncenter size-large is-resized\"><img loading=\"lazy\" decoding=\"async\" width=\"1024\" height=\"448\" src=\"https:\/\/lesjoyeuxcoureurs.org\/wp-content\/uploads\/2025\/10\/elf-1024x448.jpg\" alt=\"\" class=\"wp-image-1707\" style=\"width:350px;height:auto\" srcset=\"https:\/\/lesjoyeuxcoureurs.org\/wp-content\/uploads\/2025\/10\/elf-1024x448.jpg 1024w, https:\/\/lesjoyeuxcoureurs.org\/wp-content\/uploads\/2025\/10\/elf-300x131.jpg 300w, https:\/\/lesjoyeuxcoureurs.org\/wp-content\/uploads\/2025\/10\/elf-768x336.jpg 768w, https:\/\/lesjoyeuxcoureurs.org\/wp-content\/uploads\/2025\/10\/elf.jpg 1266w\" sizes=\"auto, (max-width: 1024px) 100vw, 1024px\" \/><\/figure><\/div>\n\n\n<p class=\"has-white-color has-text-color has-link-color wp-elements-7e4ac651328708ea719ac0894fa30934\">.<\/p>\n\n\n\n<p class=\"has-text-align-center\">Fond\u00e9e en 1967, ELF est une marque l\u00e9gendaire de lubrifiants pr\u00e9sente dans plus de 110 pays. Depuis 2000, la marque appartient \u00e0 TotalEnergies et s&rsquo;appuie sur 42 sites de production ainsi que deux centres de R&amp;D regroupant 130 chercheurs.<\/p>\n\n\n\n<p class=\"has-text-align-center\">Les valeurs fondamentales d&rsquo;ELF sont l&rsquo;expertise, le haut de gamme et la passion. La marque est un partenaire cl\u00e9 des acteurs du march\u00e9 automobile. Forte d&rsquo;une histoire marqu\u00e9e par l&rsquo;excellence, elle propose une gamme compl\u00e8te de lubrifiants int\u00e9grant une technologie de pointe.<\/p>\n\n\n\n<p class=\"has-white-color has-text-color has-link-color wp-elements-7e4ac651328708ea719ac0894fa30934\">.<\/p>\n\n\n\n<p class=\"has-text-align-center\">Site internet : <a href=\"https:\/\/elf.com\/\">https:\/\/elf.com\/<\/a><\/p>\n\n\n\n<p><\/p>\n","protected":false},"excerpt":{"rendered":"<p>. . Fond\u00e9e en 1967, ELF est une marque l\u00e9gendaire de lubrifiants pr\u00e9sente dans plus de 110 pays. Depuis 2000, la marque appartient \u00e0 TotalEnergies et s&rsquo;appuie sur 42 sites de production ainsi que deux centres de R&amp;D regroupant 130 chercheurs. Les valeurs fondamentales d&rsquo;ELF sont l&rsquo;expertise, le haut de gamme et la passion. La&hellip;<\/p>\n","protected":false},"author":1,"featured_media":0,"parent":0,"menu_order":0,"comment_status":"closed","ping_status":"closed","template":"","meta":{"footnotes":""},"class_list":["post-1705","page","type-page","status-publish","hentry"],"_links":{"self":[{"href":"https:\/\/lesjoyeuxcoureurs.org\/index.php?rest_route=\/wp\/v2\/pages\/1705","targetHints":{"allow":["GET"]}}],"collection":[{"href":"https:\/\/lesjoyeuxcoureurs.org\/index.php?rest_route=\/wp\/v2\/pages"}],"about":[{"href":"https:\/\/lesjoyeuxcoureurs.org\/index.php?rest_route=\/wp\/v2\/types\/page"}],"author":[{"embeddable":true,"href":"https:\/\/lesjoyeuxcoureurs.org\/index.php?rest_route=\/wp\/v2\/users\/1"}],"replies":[{"embeddable":true,"href":"https:\/\/lesjoyeuxcoureurs.org\/index.php?rest_route=%2Fwp%2Fv2%2Fcomments&post=1705"}],"version-history":[{"count":5,"href":"https:\/\/lesjoyeuxcoureurs.org\/index.php?rest_route=\/wp\/v2\/pages\/1705\/revisions"}],"predecessor-version":[{"id":1713,"href":"https:\/\/lesjoyeuxcoureurs.org\/index.php?rest_route=\/wp\/v2\/pages\/1705\/revisions\/1713"}],"wp:attachment":[{"href":"https:\/\/lesjoyeuxcoureurs.org\/index.php?rest_route=%2Fwp%2Fv2%2Fmedia&parent=1705"}],"curies":[{"name":"wp","href":"https:\/\/api.w.org\/{rel}","templated":true}]}}