{"id":240,"date":"2019-02-28T17:32:31","date_gmt":"2019-02-28T16:32:31","guid":{"rendered":"http:\/\/lesjoyeuxcoureurs.org\/?page_id=240"},"modified":"2025-06-09T22:15:26","modified_gmt":"2025-06-09T20:15:26","slug":"fideas","status":"publish","type":"page","link":"https:\/\/lesjoyeuxcoureurs.org\/?page_id=240","title":{"rendered":"Fideas"},"content":{"rendered":"<div class=\"wp-block-image\">\n<figure class=\"aligncenter\"><img loading=\"lazy\" decoding=\"async\" width=\"359\" height=\"209\" src=\"http:\/\/lesjoyeuxcoureurs.org\/wp-content\/uploads\/2019\/02\/fideas.jpg\" alt=\"\" class=\"wp-image-301\" srcset=\"https:\/\/lesjoyeuxcoureurs.org\/wp-content\/uploads\/2019\/02\/fideas.jpg 359w, https:\/\/lesjoyeuxcoureurs.org\/wp-content\/uploads\/2019\/02\/fideas-300x175.jpg 300w\" sizes=\"auto, (max-width: 359px) 100vw, 359px\" \/><\/figure><\/div>\n\n\n<p class=\"has-text-align-center\">Fideas Capital est une soci\u00e9t\u00e9 de gestion de SICAV et FCP agr\u00e9\u00e9e par l&rsquo;AMF en 2007. Elle se veut innovante dans la conception et la mise en place de portefeuilles d&rsquo;actions, d&rsquo;obligations et diversifi\u00e9s. Elle y apporte son expertise quantitative et son analyse fondamentale \u00e0 destination d&rsquo;une client\u00e8le encore essentiellement professionnelle.<br><br>Fideas Capital est engag\u00e9e dans la lutte contre le r\u00e9chauffement climatique. Elle est s\u00e9lective sur la qualit\u00e9 de transition \u00e9nerg\u00e9tique des soci\u00e9t\u00e9s et vise un abaissement de 25% \u00e0 30% de l&#8217;empreinte carbone des portefeuilles et une am\u00e9lioration r\u00e9guli\u00e8re. La r\u00e9duction des \u00e9missions de CO2 de ses portefeuilles est le fruit de techniques visant \u00e0 pr\u00e9server leur potentiel de performance et leur structure. Il ne s&rsquo;agit pas de portefeuilles sectoriellement sp\u00e9cialis\u00e9s et plus risqu\u00e9s. Cette nouvelle discipline d&rsquo;investissement \u00ab Smart for Climate \u00bb est appliqu\u00e9e \u00e0 ses fonds et qu&rsquo;elle met \u00e0 disposition des investisseurs priv\u00e9s.<\/p>\n\n\n\n<p class=\"has-very-light-gray-color has-text-color\">.<\/p>\n\n\n\n<p class=\"has-text-align-center\">Site internet : <a href=\"http:\/\/www.fideas.fr\/\" target=\"_blank\" rel=\"noreferrer noopener\" aria-label=\" (s\u2019ouvre dans un nouvel onglet)\">http:\/\/www.fideas.fr\/<\/a><\/p>\n","protected":false},"excerpt":{"rendered":"<p>Fideas Capital est une soci\u00e9t\u00e9 de gestion de SICAV et FCP agr\u00e9\u00e9e par l&rsquo;AMF en 2007. Elle se veut innovante dans la conception et la mise en place de portefeuilles d&rsquo;actions, d&rsquo;obligations et diversifi\u00e9s. Elle y apporte son expertise quantitative et son analyse fondamentale \u00e0 destination d&rsquo;une client\u00e8le encore essentiellement professionnelle. Fideas Capital est engag\u00e9e&hellip;<\/p>\n","protected":false},"author":1,"featured_media":0,"parent":0,"menu_order":0,"comment_status":"closed","ping_status":"closed","template":"","meta":{"footnotes":""},"class_list":["post-240","page","type-page","status-publish","hentry"],"_links":{"self":[{"href":"https:\/\/lesjoyeuxcoureurs.org\/index.php?rest_route=\/wp\/v2\/pages\/240","targetHints":{"allow":["GET"]}}],"collection":[{"href":"https:\/\/lesjoyeuxcoureurs.org\/index.php?rest_route=\/wp\/v2\/pages"}],"about":[{"href":"https:\/\/lesjoyeuxcoureurs.org\/index.php?rest_route=\/wp\/v2\/types\/page"}],"author":[{"embeddable":true,"href":"https:\/\/lesjoyeuxcoureurs.org\/index.php?rest_route=\/wp\/v2\/users\/1"}],"replies":[{"embeddable":true,"href":"https:\/\/lesjoyeuxcoureurs.org\/index.php?rest_route=%2Fwp%2Fv2%2Fcomments&post=240"}],"version-history":[{"count":8,"href":"https:\/\/lesjoyeuxcoureurs.org\/index.php?rest_route=\/wp\/v2\/pages\/240\/revisions"}],"predecessor-version":[{"id":1543,"href":"https:\/\/lesjoyeuxcoureurs.org\/index.php?rest_route=\/wp\/v2\/pages\/240\/revisions\/1543"}],"wp:attachment":[{"href":"https:\/\/lesjoyeuxcoureurs.org\/index.php?rest_route=%2Fwp%2Fv2%2Fmedia&parent=240"}],"curies":[{"name":"wp","href":"https:\/\/api.w.org\/{rel}","templated":true}]}}