{"id":363,"date":"2019-03-01T19:53:39","date_gmt":"2019-03-01T18:53:39","guid":{"rendered":"http:\/\/lesjoyeuxcoureurs.org\/?page_id=363"},"modified":"2019-03-10T11:50:38","modified_gmt":"2019-03-10T10:50:38","slug":"origine","status":"publish","type":"page","link":"https:\/\/lesjoyeuxcoureurs.org\/?page_id=363","title":{"rendered":"Origine"},"content":{"rendered":"\n<p class=\"has-text-color has-very-light-gray-color\">.<\/p>\n\n\n\n<p><strong>La Simca Rallye 2, <\/strong>sportive populaire par excellence, a\nreprit le flambeau abandonn\u00e9 par l\u2019embl\u00e9matique R8 Gordini bleue.<strong><\/strong><\/p>\n\n\n\n<p>Le\nchoix s\u2019est port\u00e9 sur une marque fran\u00e7aise ayant disparu mais dont le dernier\nmod\u00e8le a \u00e9t\u00e9 un v\u00e9ritable succ\u00e8s en terme de technicit\u00e9 mais aussi dans les\nventes&nbsp;: la Simca 1000.<\/p>\n\n\n\n<p>Petite\nvoiture populaire \u00e0 la bouille sympathique lanc\u00e9e en octobre 1961, elle arriva\n\u00e0 point pour conforter la marque Simca dans son rang de <strong>second constructeur fran\u00e7ais<\/strong>. <\/p>\n\n\n\n<p><strong>Lors de sa pr\u00e9sentation au\nSalon de Paris du 4 octobre 1961, la Simca 1000 obtint le Grand Prix de l&rsquo;Art\net de l&rsquo;industrie pour sa ligne \u00e9l\u00e9gante due au styliste turinois Mario Revelli\nde Beaumont.<\/strong> <\/p>\n\n\n\n<p class=\"has-text-color has-very-light-gray-color\">.<\/p>\n\n\n\n<div class=\"wp-block-image\"><figure class=\"aligncenter is-resized\"><img loading=\"lazy\" decoding=\"async\" src=\"http:\/\/lesjoyeuxcoureurs.org\/wp-content\/uploads\/2019\/03\/simca.png\" alt=\"\" class=\"wp-image-461\" width=\"395\" height=\"302\" srcset=\"https:\/\/lesjoyeuxcoureurs.org\/wp-content\/uploads\/2019\/03\/simca.png 526w, https:\/\/lesjoyeuxcoureurs.org\/wp-content\/uploads\/2019\/03\/simca-300x229.png 300w\" sizes=\"auto, (max-width: 395px) 100vw, 395px\" \/><\/figure><\/div>\n\n\n\n<p class=\"has-text-color has-very-light-gray-color\">.<\/p>\n\n\n\n<p>En\nmars 1962, un joli coup\u00e9 1000 dessin\u00e9 par Bertone en sera d\u00e9riv\u00e9, il prendra\nune allure nettement plus sportive \u00e0 partir de juin 1967 en devenant 1200 S.<\/p>\n\n\n\n<p>En\n1962, la puissance du moteur passe de 36 \u00e0 39 ch puis 42 en 1963 puis \u00e9voluera\njusqu\u2019\u00e0 une profonde modification en 1969 (phares plus gros, nouvelle calandre,\nclignotants d\u00e9bordants).<\/p>\n\n\n\n<p>\u00c0\npartir de 1970, la marque d\u00e9veloppera les versions sportives Rallye 1, Rallye 2\net Rallye 3 \u00e0 partir de la 1000 Sp\u00e9cial, notamment sous l\u2019impulsion d\u2019un\npr\u00e9parateur de la marque&nbsp;: Rallye Basty \u00e0 Montargis. <\/p>\n\n\n\n<p class=\"has-text-color has-very-light-gray-color\">.<\/p>\n\n\n\n<div class=\"wp-block-image\"><figure class=\"aligncenter is-resized\"><img loading=\"lazy\" decoding=\"async\" src=\"http:\/\/lesjoyeuxcoureurs.org\/wp-content\/uploads\/2019\/03\/simca2.png\" alt=\"\" class=\"wp-image-462\" width=\"515\" height=\"333\" srcset=\"https:\/\/lesjoyeuxcoureurs.org\/wp-content\/uploads\/2019\/03\/simca2.png 687w, https:\/\/lesjoyeuxcoureurs.org\/wp-content\/uploads\/2019\/03\/simca2-300x194.png 300w\" sizes=\"auto, (max-width: 515px) 100vw, 515px\" \/><\/figure><\/div>\n\n\n\n<p class=\"has-text-color has-very-light-gray-color\">.<\/p>\n\n\n\n<p><strong>En septembre 1972,\nSimca lance la Rallye 2<\/strong> anim\u00e9e par le moteur Poissy de 1 294 cm3 d\u00e9veloppant une\npuissance de 82 ch DIN \u00e0 6 000 tr\/min et un couple maxi de 11 mkg \u00e0 4 400\ntr\/min. Gr\u00e2ce \u00e0 ses deux carburateurs double-corps horizontaux et \u00e0 ses 860 kg,\nelle pointe \u00e0 162 km\/h. Deux baquets, un train avant triangul\u00e9 et un double\ncircuit de freinage am\u00e9liorent la s\u00e9curit\u00e9.<\/p>\n\n\n\n<p>Avec ces nouvelles performances, des modifications sont\napport\u00e9es \u00e0 la r\u00e9partition des masses, en transf\u00e9rant le radiateur \u00e0 l&rsquo;avant\npour un meilleur refroidissement et un poids accru du nez. Avec le gain de\npuissance, elle obtient \u00e9galement des freins \u00e0 disque \u00e0 l&rsquo;arri\u00e8re.<\/p>\n\n\n\n<p>La <strong>Rallye 2<\/strong> devient alors la sportive populaire par excellence, reprenant ainsi le flambeau abandonn\u00e9 par la R8 Gordini. Dans les derni\u00e8res ann\u00e9es, avant 1977, il \u00e9tait possible d&rsquo;installer un kit \u00ab\u00a0SRT 77\u00a0\u00bb qui permettait de faire grimper la puissance \u00e0 110 chevaux et de d\u00e9passer les 180 km\/h, vitesse toujours brid\u00e9e par une 4\u00e8 un peu courte et une monte de pneus au diam\u00e8tre plus faible pour favoriser les acc\u00e9l\u00e9rations.<\/p>\n\n\n\n<p class=\"has-text-color has-very-light-gray-color\">.<\/p>\n\n\n\n<div class=\"wp-block-image\"><figure class=\"aligncenter is-resized\"><img loading=\"lazy\" decoding=\"async\" src=\"http:\/\/lesjoyeuxcoureurs.org\/wp-content\/uploads\/2019\/03\/simca3.png\" alt=\"\" class=\"wp-image-463\" width=\"449\" height=\"237\" srcset=\"https:\/\/lesjoyeuxcoureurs.org\/wp-content\/uploads\/2019\/03\/simca3.png 598w, https:\/\/lesjoyeuxcoureurs.org\/wp-content\/uploads\/2019\/03\/simca3-300x159.png 300w\" sizes=\"auto, (max-width: 449px) 100vw, 449px\" \/><\/figure><\/div>\n\n\n\n<p class=\"has-text-color has-very-light-gray-color\">.<\/p>\n\n\n\n<p>En\nmai 1978, la production s&rsquo;arr\u00eate, 1 949 407 v\u00e9hicules auront \u00e9t\u00e9 construits. La\nSimca 1000, qui est la derni\u00e8re voiture fran\u00e7aise \u00e0 moteur arri\u00e8re, attendra\n1981 pour \u00eatre remplac\u00e9e par la Talbot Samba.<\/p>\n\n\n\n<p>En\ncomp\u00e9tition, la Rallye 2 participe \u00e0 de nombreuses courses avec des pilotes de\nrenom.<\/p>\n\n\n\n<p class=\"has-text-color has-very-light-gray-color\">.<\/p>\n\n\n\n<div class=\"wp-block-image\"><figure class=\"aligncenter is-resized\"><img loading=\"lazy\" decoding=\"async\" src=\"http:\/\/lesjoyeuxcoureurs.org\/wp-content\/uploads\/2019\/03\/simca4.jpg\" alt=\"\" class=\"wp-image-464\" width=\"530\" height=\"338\" srcset=\"https:\/\/lesjoyeuxcoureurs.org\/wp-content\/uploads\/2019\/03\/simca4.jpg 707w, https:\/\/lesjoyeuxcoureurs.org\/wp-content\/uploads\/2019\/03\/simca4-300x191.jpg 300w\" sizes=\"auto, (max-width: 530px) 100vw, 530px\" \/><\/figure><\/div>\n\n\n\n<p class=\"has-text-color has-very-light-gray-color\">.<\/p>\n\n\n\n<div class=\"wp-block-image\"><figure class=\"aligncenter is-resized\"><img loading=\"lazy\" decoding=\"async\" src=\"http:\/\/lesjoyeuxcoureurs.org\/wp-content\/uploads\/2019\/03\/simca5.jpg\" alt=\"\" class=\"wp-image-465\" width=\"497\" height=\"380\" srcset=\"https:\/\/lesjoyeuxcoureurs.org\/wp-content\/uploads\/2019\/03\/simca5.jpg 662w, https:\/\/lesjoyeuxcoureurs.org\/wp-content\/uploads\/2019\/03\/simca5-300x230.jpg 300w\" sizes=\"auto, (max-width: 497px) 100vw, 497px\" \/><\/figure><\/div>\n\n\n\n<p class=\"has-text-color has-very-light-gray-color\">.<\/p>\n\n\n\n<p>Le\npilote Bernard Fiorentino a particip\u00e9 \u00e0 deux \u00e9preuves du Championnat du monde\ndes rallyes (Monte-Carlo 1973 et Rallye de Su\u00e8de 1975) avec des Rallye 2 Groupe\n2.<\/p>\n\n\n\n<p>C&rsquo;est\nla fameuse Rallye 2 PAM PAM officielle pr\u00e9par\u00e9e par Beauzon qui termine 21\u00e8me\ndu g\u00e9n\u00e9ral, 9\u00e8me du groupe 2 et 1er de la classe 1300cc.<\/p>\n\n\n\n<p>Deux\norganisations importantes vont voir le jour au fur et \u00e0 mesure de la production\ndes mod\u00e8les Simca Rallye : <\/p>\n\n\n\n<ul class=\"wp-block-list\"><li>le SRT, Simca Racing team, qui va rassembler plusieurs\nrepr\u00e9sentations r\u00e9gionales. En octobre, 500 concessionnaires re\u00e7oivent leur\nRallye 2 sur le circuit Bugatti lors des \u00ab 24 H du Mans du SRT \u00bb devant 25 000\nspectateurs.<\/li><\/ul>\n\n\n\n<p class=\"has-text-color has-very-light-gray-color\">.<\/p>\n\n\n\n<div class=\"wp-block-image\"><figure class=\"aligncenter is-resized\"><img loading=\"lazy\" decoding=\"async\" src=\"http:\/\/lesjoyeuxcoureurs.org\/wp-content\/uploads\/2019\/03\/simca6.jpg\" alt=\"\" class=\"wp-image-466\" width=\"526\" height=\"380\" srcset=\"https:\/\/lesjoyeuxcoureurs.org\/wp-content\/uploads\/2019\/03\/simca6.jpg 701w, https:\/\/lesjoyeuxcoureurs.org\/wp-content\/uploads\/2019\/03\/simca6-300x217.jpg 300w\" sizes=\"auto, (max-width: 526px) 100vw, 526px\" \/><\/figure><\/div>\n\n\n\n<p class=\"has-text-color has-very-light-gray-color\">.<\/p>\n\n\n\n<ul class=\"wp-block-list\"><li>Star Racing Team, r\u00e9unissant des artistes et des pilotes\ncomme Johnny Hallyday, Guy Marchand, Moustache, Jean-Pierre Beltoise,\nJean-Pierre Jarier, Jean-Pierre Jabouille, R\u00e9mi Julienne, Henri Pescarolo, Guy\nLigier&#8230;<\/li><\/ul>\n\n\n\n<p class=\"has-text-color has-very-light-gray-color\">.<\/p>\n\n\n\n<div class=\"wp-block-image\"><figure class=\"aligncenter\"><img loading=\"lazy\" decoding=\"async\" width=\"640\" height=\"480\" src=\"http:\/\/lesjoyeuxcoureurs.org\/wp-content\/uploads\/2019\/03\/simca7.jpg\" alt=\"\" class=\"wp-image-467\" srcset=\"https:\/\/lesjoyeuxcoureurs.org\/wp-content\/uploads\/2019\/03\/simca7.jpg 640w, https:\/\/lesjoyeuxcoureurs.org\/wp-content\/uploads\/2019\/03\/simca7-300x225.jpg 300w, https:\/\/lesjoyeuxcoureurs.org\/wp-content\/uploads\/2019\/03\/simca7-120x90.jpg 120w\" sizes=\"auto, (max-width: 640px) 100vw, 640px\" \/><\/figure><\/div>\n","protected":false},"excerpt":{"rendered":"<p>. La Simca Rallye 2, sportive populaire par excellence, a reprit le flambeau abandonn\u00e9 par l\u2019embl\u00e9matique R8 Gordini bleue. Le choix s\u2019est port\u00e9 sur une marque fran\u00e7aise ayant disparu mais dont le dernier mod\u00e8le a \u00e9t\u00e9 un v\u00e9ritable succ\u00e8s en terme de technicit\u00e9 mais aussi dans les ventes&nbsp;: la Simca 1000. Petite voiture populaire \u00e0&hellip;<\/p>\n","protected":false},"author":1,"featured_media":0,"parent":0,"menu_order":0,"comment_status":"closed","ping_status":"closed","template":"","meta":{"footnotes":""},"class_list":["post-363","page","type-page","status-publish","hentry"],"_links":{"self":[{"href":"https:\/\/lesjoyeuxcoureurs.org\/index.php?rest_route=\/wp\/v2\/pages\/363","targetHints":{"allow":["GET"]}}],"collection":[{"href":"https:\/\/lesjoyeuxcoureurs.org\/index.php?rest_route=\/wp\/v2\/pages"}],"about":[{"href":"https:\/\/lesjoyeuxcoureurs.org\/index.php?rest_route=\/wp\/v2\/types\/page"}],"author":[{"embeddable":true,"href":"https:\/\/lesjoyeuxcoureurs.org\/index.php?rest_route=\/wp\/v2\/users\/1"}],"replies":[{"embeddable":true,"href":"https:\/\/lesjoyeuxcoureurs.org\/index.php?rest_route=%2Fwp%2Fv2%2Fcomments&post=363"}],"version-history":[{"count":7,"href":"https:\/\/lesjoyeuxcoureurs.org\/index.php?rest_route=\/wp\/v2\/pages\/363\/revisions"}],"predecessor-version":[{"id":471,"href":"https:\/\/lesjoyeuxcoureurs.org\/index.php?rest_route=\/wp\/v2\/pages\/363\/revisions\/471"}],"wp:attachment":[{"href":"https:\/\/lesjoyeuxcoureurs.org\/index.php?rest_route=%2Fwp%2Fv2%2Fmedia&parent=363"}],"curies":[{"name":"wp","href":"https:\/\/api.w.org\/{rel}","templated":true}]}}