{"id":392,"date":"2019-03-02T16:35:08","date_gmt":"2019-03-02T15:35:08","guid":{"rendered":"http:\/\/lesjoyeuxcoureurs.org\/?page_id=392"},"modified":"2019-03-02T16:37:00","modified_gmt":"2019-03-02T15:37:00","slug":"lassociation","status":"publish","type":"page","link":"https:\/\/lesjoyeuxcoureurs.org\/?page_id=392","title":{"rendered":"L&rsquo;association"},"content":{"rendered":"\n<p class=\"has-text-color has-very-light-gray-color\">.<\/p>\n\n\n<p>N\u00e9e de l\u2019amiti\u00e9 entre un coureur automobile et un passionn\u00e9 de voitures anciennes, l\u2019\u00e9quipage a d\u00e9cid\u00e9 de mettre en commun exp\u00e9rience et comp\u00e9tence.<\/p>\n<p>Afin de pouvoir suivre et montrer une grande rigueur mais aussi transparence sur les comptes, ils ont d\u00e9cid\u00e9 de cr\u00e9er une structure qui offre de tel avantage : une association loi de 1901 sous la d\u00e9nomination \u00ab Les Joyeux Coureurs \u00bb.<\/p>\n<p>\u00a0<\/p>\n<p>Valid\u00e9 par les autorit\u00e9s de tutelle \u00e0 travers la parution au Journal Officiel (agr\u00e9ment 1462 du 7 juillet 2018, Num\u00e9ro R.N.A. : W912010269 (Pr\u00e9fecture de l&rsquo;Essonne), les Statuts et PV sont disponibles sur simple demande.<\/p>\n<p><img loading=\"lazy\" decoding=\"async\" class=\"size-medium wp-image-351 aligncenter\" src=\"http:\/\/lesjoyeuxcoureurs.org\/wp-content\/uploads\/2019\/02\/favicon-300x300.png\" alt=\"\" width=\"300\" height=\"300\" srcset=\"https:\/\/lesjoyeuxcoureurs.org\/wp-content\/uploads\/2019\/02\/favicon-300x300.png 300w, https:\/\/lesjoyeuxcoureurs.org\/wp-content\/uploads\/2019\/02\/favicon-150x150.png 150w, https:\/\/lesjoyeuxcoureurs.org\/wp-content\/uploads\/2019\/02\/favicon.png 512w\" sizes=\"auto, (max-width: 300px) 100vw, 300px\" \/>Cette Association a pour objets :<\/p>\n<p style=\"padding-left: 40px;\">\u2022 la sauvegarde du patrimoine automobile \u00e0 travers l\u2019acquisition, la restauration et la vente de v\u00e9hicules anciens<br \/>\u2022 la participation \u00e0 des courses automobiles dans le but de promouvoir les v\u00e9hicules anciens<br \/>\u2022 toutes autres activit\u00e9s sportives, artistiques, culturelles ou commerciales permettant la mise en valeur de l\u2019Association, de ses actifs aupr\u00e8s des tiers, notamment pour la recherche de partenaires, bienfaiteurs financiers.<br \/>\u2022 La mise en avant d\u2019actions environnementales (compensation des rejets carbones par exemple) et sociales \u00e0 travers des partenariats et dons \u00e0 des \u00e9tablissements \u0153uvrant dans ces secteurs.<\/p>\n<p>\u00a0<\/p>\n<p>Le bureau dispose de <a href=\"http:\/\/lesjoyeuxcoureurs.org\/?page_id=174\">4 repr\u00e9sentants l\u00e9gaux ex\u00e9cutifs (1 Pr\u00e9sident, 1 Vice-Pr\u00e9sident, 1 secr\u00e9taire G\u00e9n\u00e9ral et 1 Tr\u00e9sorier)<\/a>, entour\u00e9 de sp\u00e9cialistes du secteur.<\/p>\n<p><br \/>L\u2019association dispose :<\/p>\n<p style=\"padding-left: 40px;\">\u2022 d\u2019adresses d\u00e9di\u00e9es (contact@lesjoyeuxcoureurs.org et admin@lesjoyeuxcoureurs.org),<br \/>\u2022 d\u2019un site internet (http:\/\/lesjoyeuxcoureurs.org\/)<br \/>\u2022 d&rsquo;une page Facebook (https:\/\/www.facebook.com\/lesjoyeuxcoureurs\/)<br \/>\u2022 d\u2019une page Twitter (https:\/\/www.tweeter.com\/lesjoyeuxcoureurs\/) pour un bon relai de l\u2019information.<\/p>\n<p>\u00a0<\/p>\n<p>Toutes les informations seront aussi relay\u00e9es aux m\u00e9dias et notamment \u00e0 la presse \u00e9crite qui ont pris contact avec l\u2019\u00e9quipage \u00e0 partir de juin 2018 ainsi que sur les r\u00e9seaux sociaux g\u00e9r\u00e9s par le Secr\u00e9taire G\u00e9n\u00e9ral, responsable Communication.<\/p>","protected":false},"excerpt":{"rendered":"<p>. N\u00e9e de l\u2019amiti\u00e9 entre un coureur automobile et un passionn\u00e9 de voitures anciennes, l\u2019\u00e9quipage a d\u00e9cid\u00e9 de mettre en commun exp\u00e9rience et comp\u00e9tence. Afin de pouvoir suivre et montrer une grande rigueur mais aussi transparence sur les comptes, ils ont d\u00e9cid\u00e9 de cr\u00e9er une structure qui offre de tel avantage : une association loi&hellip;<\/p>\n","protected":false},"author":1,"featured_media":0,"parent":0,"menu_order":0,"comment_status":"closed","ping_status":"closed","template":"","meta":{"footnotes":""},"class_list":["post-392","page","type-page","status-publish","hentry"],"_links":{"self":[{"href":"https:\/\/lesjoyeuxcoureurs.org\/index.php?rest_route=\/wp\/v2\/pages\/392","targetHints":{"allow":["GET"]}}],"collection":[{"href":"https:\/\/lesjoyeuxcoureurs.org\/index.php?rest_route=\/wp\/v2\/pages"}],"about":[{"href":"https:\/\/lesjoyeuxcoureurs.org\/index.php?rest_route=\/wp\/v2\/types\/page"}],"author":[{"embeddable":true,"href":"https:\/\/lesjoyeuxcoureurs.org\/index.php?rest_route=\/wp\/v2\/users\/1"}],"replies":[{"embeddable":true,"href":"https:\/\/lesjoyeuxcoureurs.org\/index.php?rest_route=%2Fwp%2Fv2%2Fcomments&post=392"}],"version-history":[{"count":5,"href":"https:\/\/lesjoyeuxcoureurs.org\/index.php?rest_route=\/wp\/v2\/pages\/392\/revisions"}],"predecessor-version":[{"id":399,"href":"https:\/\/lesjoyeuxcoureurs.org\/index.php?rest_route=\/wp\/v2\/pages\/392\/revisions\/399"}],"wp:attachment":[{"href":"https:\/\/lesjoyeuxcoureurs.org\/index.php?rest_route=%2Fwp%2Fv2%2Fmedia&parent=392"}],"curies":[{"name":"wp","href":"https:\/\/api.w.org\/{rel}","templated":true}]}}