{"id":790,"date":"2019-04-27T16:44:02","date_gmt":"2019-04-27T14:44:02","guid":{"rendered":"https:\/\/lesjoyeuxcoureurs.org\/?page_id=790"},"modified":"2019-04-27T18:11:44","modified_gmt":"2019-04-27T16:11:44","slug":"organisation-2019","status":"publish","type":"page","link":"https:\/\/lesjoyeuxcoureurs.org\/?page_id=790","title":{"rendered":"L&rsquo;itin\u00e9raire du Tour Auto 2019"},"content":{"rendered":"\n<p class=\"has-text-color has-very-light-gray-color\">.<\/p>\n\n\n\n<p>La\n28e \u00e9dition du Tour Auto Optic 2000 se d\u00e9roulera du 29 avril au 4 mai 2019. <\/p>\n\n\n\n<p>Comme\nle veut la tradition, l\u2019\u00e9dition 2019 du Tour Auto Optic 2000 commencera le\nlundi 29 avril par une exposition des voitures au Grand Palais \u00e0 Paris. Le\nlendemain (mardi 30 avril) les 240 concurrents quitteront la capitale d\u00e8s les\npremi\u00e8res heures de la matin\u00e9e pour se lancer sur les routes de France.<\/p>\n\n\n\n<p>Le d\u00e9part chronom\u00e9tr\u00e9 sera donn\u00e9 au Ch\u00e2teau de Vaux-le-Vicomte.<\/p>\n\n\n\n<p class=\"has-text-color has-very-light-gray-color\">.<\/p>\n\n\n\n<div class=\"wp-block-image\"><figure class=\"aligncenter\"><img loading=\"lazy\" decoding=\"async\" width=\"606\" height=\"580\" src=\"https:\/\/lesjoyeuxcoureurs.org\/wp-content\/uploads\/2019\/04\/TA-2019-parcours.jpg\" alt=\"\" class=\"wp-image-802\" srcset=\"https:\/\/lesjoyeuxcoureurs.org\/wp-content\/uploads\/2019\/04\/TA-2019-parcours.jpg 606w, https:\/\/lesjoyeuxcoureurs.org\/wp-content\/uploads\/2019\/04\/TA-2019-parcours-300x287.jpg 300w\" sizes=\"auto, (max-width: 606px) 100vw, 606px\" \/><figcaption><br><\/figcaption><\/figure><\/div>\n\n\n\n<p>Les\n\u00e9quipages se mesureront lors d\u2019\u00e9preuves chronom\u00e9tr\u00e9es (Comp\u00e9tition ou\nR\u00e9gularit\u00e9) sur 4 circuits (Dijon-Prenois, Magny-Cours, Charade, Le Mans) et 10\n\u00e9preuves sp\u00e9ciales sur routes ferm\u00e9es. Le parcours du Tour Auto Optic 2000,\nchaque ann\u00e9e renouvel\u00e9, fera \u00e9tape \u00e0 Dijon, Lyon, Vichy, Tours et Deauville o\u00f9\nles concurrents seront attendus samedi soir.<\/p>\n","protected":false},"excerpt":{"rendered":"<p>. La 28e \u00e9dition du Tour Auto Optic 2000 se d\u00e9roulera du 29 avril au 4 mai 2019. Comme le veut la tradition, l\u2019\u00e9dition 2019 du Tour Auto Optic 2000 commencera le lundi 29 avril par une exposition des voitures au Grand Palais \u00e0 Paris. Le lendemain (mardi 30 avril) les 240 concurrents quitteront la&hellip;<\/p>\n","protected":false},"author":1,"featured_media":0,"parent":0,"menu_order":0,"comment_status":"closed","ping_status":"closed","template":"","meta":{"footnotes":""},"class_list":["post-790","page","type-page","status-publish","hentry"],"_links":{"self":[{"href":"https:\/\/lesjoyeuxcoureurs.org\/index.php?rest_route=\/wp\/v2\/pages\/790","targetHints":{"allow":["GET"]}}],"collection":[{"href":"https:\/\/lesjoyeuxcoureurs.org\/index.php?rest_route=\/wp\/v2\/pages"}],"about":[{"href":"https:\/\/lesjoyeuxcoureurs.org\/index.php?rest_route=\/wp\/v2\/types\/page"}],"author":[{"embeddable":true,"href":"https:\/\/lesjoyeuxcoureurs.org\/index.php?rest_route=\/wp\/v2\/users\/1"}],"replies":[{"embeddable":true,"href":"https:\/\/lesjoyeuxcoureurs.org\/index.php?rest_route=%2Fwp%2Fv2%2Fcomments&post=790"}],"version-history":[{"count":7,"href":"https:\/\/lesjoyeuxcoureurs.org\/index.php?rest_route=\/wp\/v2\/pages\/790\/revisions"}],"predecessor-version":[{"id":866,"href":"https:\/\/lesjoyeuxcoureurs.org\/index.php?rest_route=\/wp\/v2\/pages\/790\/revisions\/866"}],"wp:attachment":[{"href":"https:\/\/lesjoyeuxcoureurs.org\/index.php?rest_route=%2Fwp%2Fv2%2Fmedia&parent=790"}],"curies":[{"name":"wp","href":"https:\/\/api.w.org\/{rel}","templated":true}]}}