{"id":791,"date":"2019-04-27T16:44:02","date_gmt":"2019-04-27T14:44:02","guid":{"rendered":"https:\/\/lesjoyeuxcoureurs.org\/?page_id=791"},"modified":"2019-04-27T17:04:40","modified_gmt":"2019-04-27T15:04:40","slug":"itineraire-2019","status":"publish","type":"page","link":"https:\/\/lesjoyeuxcoureurs.org\/?page_id=791","title":{"rendered":"Les \u00e9tapes du Tour Auto 2019"},"content":{"rendered":"\n<p class=\"has-text-color has-very-light-gray-color\">.<\/p>\n\n\n\n<p style=\"text-align:left\"> Le d\u00e9tail de l\u2019itin\u00e9raire est le suivant&nbsp;: <\/p>\n\n\n\n<p class=\"has-text-color has-very-light-gray-color\">.<\/p>\n\n\n\n<div class=\"wp-block-columns has-2-columns is-layout-flex wp-container-core-columns-is-layout-1 wp-block-columns-is-layout-flex\">\n<div class=\"wp-block-column is-layout-flow wp-block-column-is-layout-flow\">\n<p><strong>LUNDI 29 AVRIL<\/strong><\/p>\n\n\n\n<p>GRAND\nPALAIS PARIS (Contr\u00f4les techniques et administratifs)<\/p>\n\n\n\n<p>Ouverture\nau public de 10 heures \u00e0 17 heures<\/p>\n\n\n\n<p class=\"has-text-color has-very-light-gray-color\">.<\/p>\n\n\n\n<p><strong>MARDI 30 AVRIL<\/strong><\/p>\n\n\n\n<p>PARIS\n\u2013 VAUX-LE-VICOMTE \u2013 DIJON (environ 400 km)<\/p>\n\n\n\n<p>+\nCircuit Dijon-Prenois<\/p>\n\n\n\n<p>+ 1 \u00c9preuve Sp\u00e9ciale<\/p>\n\n\n\n<p class=\"has-text-color has-very-light-gray-color\">.<\/p>\n\n\n\n<p><strong>MERCREDI 1ER MAI<\/strong><\/p>\n\n\n\n<p>DIJON\n\u2013 LYON (environ 500 km)<\/p>\n\n\n\n<p>+\nCircuit de Nevers Magny-Cours<\/p>\n\n\n\n<p>+ 2 \u00c9preuves Sp\u00e9ciales<\/p>\n\n\n\n<p class=\"has-text-color has-very-light-gray-color\">.<\/p>\n\n\n\n<p><strong>JEUDI 2 MAI<\/strong><\/p>\n\n\n\n<p>LYON\n\u2013 VICHY (environ 400 km)<\/p>\n\n\n\n<p>+ 3 \u00c9preuves Sp\u00e9ciales<\/p>\n\n\n\n<p class=\"has-text-color has-very-light-gray-color\">.<\/p>\n\n\n\n<p><strong>VENDREDI 3 MAI<\/strong><\/p>\n\n\n\n<p>VICHY\n\u2013 TOURS (environ 530 km)<\/p>\n\n\n\n<p>+\nCircuit de Charade<\/p>\n\n\n\n<p>+ 2 \u00c9preuves Sp\u00e9ciales<\/p>\n\n\n\n<p class=\"has-text-color has-very-light-gray-color\">.<\/p>\n\n\n\n<p><strong>SAMEDI 4 MAI<\/strong><\/p>\n\n\n\n<p>TOURS\n\u2013 DEAUVILLE (environ 430 km)<\/p>\n\n\n\n<p>+\nCircuit du Mans<\/p>\n\n\n\n<p>+\n2 \u00c9preuves Sp\u00e9ciales<\/p>\n<\/div>\n\n\n\n<div class=\"wp-block-column is-layout-flow wp-block-column-is-layout-flow\">\n<p class=\"has-text-color has-very-light-gray-color\">.<\/p>\n\n\n\n<p class=\"has-text-color has-very-light-gray-color\">.<\/p>\n\n\n\n<p class=\"has-text-color has-very-light-gray-color\">.<\/p>\n\n\n\n<figure class=\"wp-block-image\"><img loading=\"lazy\" decoding=\"async\" width=\"261\" height=\"581\" src=\"https:\/\/lesjoyeuxcoureurs.org\/wp-content\/uploads\/2019\/04\/TA-2019-circuits.jpg\" alt=\"\" class=\"wp-image-807\" srcset=\"https:\/\/lesjoyeuxcoureurs.org\/wp-content\/uploads\/2019\/04\/TA-2019-circuits.jpg 261w, https:\/\/lesjoyeuxcoureurs.org\/wp-content\/uploads\/2019\/04\/TA-2019-circuits-135x300.jpg 135w\" sizes=\"auto, (max-width: 261px) 100vw, 261px\" \/><\/figure>\n<\/div>\n<\/div>\n","protected":false},"excerpt":{"rendered":"<p>. Le d\u00e9tail de l\u2019itin\u00e9raire est le suivant&nbsp;: . LUNDI 29 AVRIL GRAND PALAIS PARIS (Contr\u00f4les techniques et administratifs) Ouverture au public de 10 heures \u00e0 17 heures . MARDI 30 AVRIL PARIS \u2013 VAUX-LE-VICOMTE \u2013 DIJON (environ 400 km) + Circuit Dijon-Prenois + 1 \u00c9preuve Sp\u00e9ciale . MERCREDI 1ER MAI DIJON \u2013 LYON (environ&hellip;<\/p>\n","protected":false},"author":1,"featured_media":0,"parent":0,"menu_order":0,"comment_status":"closed","ping_status":"closed","template":"","meta":{"footnotes":""},"class_list":["post-791","page","type-page","status-publish","hentry"],"_links":{"self":[{"href":"https:\/\/lesjoyeuxcoureurs.org\/index.php?rest_route=\/wp\/v2\/pages\/791","targetHints":{"allow":["GET"]}}],"collection":[{"href":"https:\/\/lesjoyeuxcoureurs.org\/index.php?rest_route=\/wp\/v2\/pages"}],"about":[{"href":"https:\/\/lesjoyeuxcoureurs.org\/index.php?rest_route=\/wp\/v2\/types\/page"}],"author":[{"embeddable":true,"href":"https:\/\/lesjoyeuxcoureurs.org\/index.php?rest_route=\/wp\/v2\/users\/1"}],"replies":[{"embeddable":true,"href":"https:\/\/lesjoyeuxcoureurs.org\/index.php?rest_route=%2Fwp%2Fv2%2Fcomments&post=791"}],"version-history":[{"count":9,"href":"https:\/\/lesjoyeuxcoureurs.org\/index.php?rest_route=\/wp\/v2\/pages\/791\/revisions"}],"predecessor-version":[{"id":828,"href":"https:\/\/lesjoyeuxcoureurs.org\/index.php?rest_route=\/wp\/v2\/pages\/791\/revisions\/828"}],"wp:attachment":[{"href":"https:\/\/lesjoyeuxcoureurs.org\/index.php?rest_route=%2Fwp%2Fv2%2Fmedia&parent=791"}],"curies":[{"name":"wp","href":"https:\/\/api.w.org\/{rel}","templated":true}]}}